{"id":2357,"date":"2024-11-14T07:20:11","date_gmt":"2024-11-14T07:20:11","guid":{"rendered":"https:\/\/www.alschu.de\/produkt\/nettoyant-pour-barbecue-favorit-500ml"},"modified":"2025-05-04T10:55:02","modified_gmt":"2025-05-04T10:55:02","slug":"favorit-nettoyant-pour-barbecue-500-ml","status":"publish","type":"product","link":"https:\/\/www.alschu.de\/fr\/produkt\/favorit-nettoyant-pour-barbecue-500-ml\/","title":{"rendered":"FAVORIT Nettoyant pour barbecue 500 ml"},"content":{"rendered":"<p><strong>Nettoie puissamment le barbecue et la grille tout en leur conf\u00e9rant de l&rsquo;\u00e9clat. Muni d&rsquo;un pulv\u00e9risateur s\u00e9curis\u00e9 pour enfants. <\/strong><\/p>\n<ul>\n<li>500 ml\/flacon<\/li>\n<li>UE : 10<\/li>\n<li>UE\/palette : 98<\/li>\n<\/ul>\n<p><img decoding=\"async\" class=\"alignnone wp-image-1451\" src=\"https:\/\/www.alschu.de\/wp-content\/uploads\/2025\/02\/favorit_made_in_germany.png\" alt=\"\" width=\"90\" height=\"90\" srcset=\"https:\/\/www.alschu.de\/wp-content\/uploads\/2025\/02\/favorit_made_in_germany-66x66.png 66w, https:\/\/www.alschu.de\/wp-content\/uploads\/2025\/02\/favorit_made_in_germany-150x150.png 150w, https:\/\/www.alschu.de\/wp-content\/uploads\/2025\/02\/favorit_made_in_germany-200x200.png 200w, https:\/\/www.alschu.de\/wp-content\/uploads\/2025\/02\/favorit_made_in_germany-300x300.png 300w, https:\/\/www.alschu.de\/wp-content\/uploads\/2025\/02\/favorit_made_in_germany-400x400.png 400w, https:\/\/www.alschu.de\/wp-content\/uploads\/2025\/02\/favorit_made_in_germany-500x500.png 500w, https:\/\/www.alschu.de\/wp-content\/uploads\/2025\/02\/favorit_made_in_germany-600x600.png 600w, https:\/\/www.alschu.de\/wp-content\/uploads\/2025\/02\/favorit_made_in_germany-700x700.png 700w, https:\/\/www.alschu.de\/wp-content\/uploads\/2025\/02\/favorit_made_in_germany-768x768.png 768w, https:\/\/www.alschu.de\/wp-content\/uploads\/2025\/02\/favorit_made_in_germany-800x800.png 800w, https:\/\/www.alschu.de\/wp-content\/uploads\/2025\/02\/favorit_made_in_germany-1024x1024.png 1024w, https:\/\/www.alschu.de\/wp-content\/uploads\/2025\/02\/favorit_made_in_germany.png 1128w\" sizes=\"(max-width: 90px) 100vw, 90px\" \/><\/p>\n<p><a href=\"https:\/\/www.alschu.de\/wp-content\/uploads\/2025\/02\/Datenblatt-Grillreiniger-favorit-1230.pdf\" target=\"_blank\" rel=\"noopener\">Fiche de donn\u00e9es pour le public<\/a><\/p>\n","protected":false},"excerpt":{"rendered":"<p>Nettoie puissamment le barbecue et la grille tout en leur  [&#8230;]<\/p>\n","protected":false},"featured_media":2006,"comment_status":"open","ping_status":"closed","template":"","meta":[],"product_brand":[],"product_cat":[99],"product_tag":[],"class_list":{"0":"post-2357","1":"product","2":"type-product","3":"status-publish","4":"has-post-thumbnail","6":"product_cat-accessoires-de-barbecue","8":"first","9":"instock","10":"shipping-taxable","11":"product-type-simple"},"_links":{"self":[{"href":"https:\/\/www.alschu.de\/fr\/wp-json\/wp\/v2\/product\/2357","targetHints":{"allow":["GET"]}}],"collection":[{"href":"https:\/\/www.alschu.de\/fr\/wp-json\/wp\/v2\/product"}],"about":[{"href":"https:\/\/www.alschu.de\/fr\/wp-json\/wp\/v2\/types\/product"}],"replies":[{"embeddable":true,"href":"https:\/\/www.alschu.de\/fr\/wp-json\/wp\/v2\/comments?post=2357"}],"wp:featuredmedia":[{"embeddable":true,"href":"https:\/\/www.alschu.de\/fr\/wp-json\/wp\/v2\/media\/2006"}],"wp:attachment":[{"href":"https:\/\/www.alschu.de\/fr\/wp-json\/wp\/v2\/media?parent=2357"}],"wp:term":[{"taxonomy":"product_brand","embeddable":true,"href":"https:\/\/www.alschu.de\/fr\/wp-json\/wp\/v2\/product_brand?post=2357"},{"taxonomy":"product_cat","embeddable":true,"href":"https:\/\/www.alschu.de\/fr\/wp-json\/wp\/v2\/product_cat?post=2357"},{"taxonomy":"product_tag","embeddable":true,"href":"https:\/\/www.alschu.de\/fr\/wp-json\/wp\/v2\/product_tag?post=2357"}],"curies":[{"name":"wp","href":"https:\/\/api.w.org\/{rel}","templated":true}]}}