{"id":2361,"date":"2024-11-14T07:35:16","date_gmt":"2024-11-14T07:35:16","guid":{"rendered":"https:\/\/www.alschu.de\/produkt\/favorit-cubes-dallumage-64-pieces"},"modified":"2025-05-04T10:44:22","modified_gmt":"2025-05-04T10:44:22","slug":"favorit-cubes-dallumage-64-pieces","status":"publish","type":"product","link":"https:\/\/www.alschu.de\/fr\/produkt\/favorit-cubes-dallumage-64-pieces\/","title":{"rendered":"FAVORIT Cubes d&rsquo;allumage 64 pi\u00e8ces"},"content":{"rendered":"<p><strong>Cubes d&rsquo;allumage blancs, \u00e0 forte puissance d&rsquo;ignition et longue dur\u00e9e de combustion. Application ais\u00e9e. Pour barbecue et four. <\/strong><\/p>\n<ul>\n<li>64 pi\u00e8ces par paquet<\/li>\n<li>UE : 12<\/li>\n<li>UE\/Palette : 85<\/li>\n<\/ul>\n","protected":false},"excerpt":{"rendered":"<p>Cubes d&rsquo;allumage blancs, \u00e0 forte puissance d&rsquo;ignition et longue dur\u00e9e  [&#8230;]<\/p>\n","protected":false},"featured_media":2046,"comment_status":"open","ping_status":"closed","template":"","meta":[],"product_brand":[],"product_cat":[95,101],"product_tag":[],"class_list":{"0":"post-2361","1":"product","2":"type-product","3":"status-publish","4":"has-post-thumbnail","6":"product_cat-allume-feu","7":"product_cat-allume-feu-blancs","9":"first","10":"instock","11":"shipping-taxable","12":"product-type-simple"},"_links":{"self":[{"href":"https:\/\/www.alschu.de\/fr\/wp-json\/wp\/v2\/product\/2361","targetHints":{"allow":["GET"]}}],"collection":[{"href":"https:\/\/www.alschu.de\/fr\/wp-json\/wp\/v2\/product"}],"about":[{"href":"https:\/\/www.alschu.de\/fr\/wp-json\/wp\/v2\/types\/product"}],"replies":[{"embeddable":true,"href":"https:\/\/www.alschu.de\/fr\/wp-json\/wp\/v2\/comments?post=2361"}],"wp:featuredmedia":[{"embeddable":true,"href":"https:\/\/www.alschu.de\/fr\/wp-json\/wp\/v2\/media\/2046"}],"wp:attachment":[{"href":"https:\/\/www.alschu.de\/fr\/wp-json\/wp\/v2\/media?parent=2361"}],"wp:term":[{"taxonomy":"product_brand","embeddable":true,"href":"https:\/\/www.alschu.de\/fr\/wp-json\/wp\/v2\/product_brand?post=2361"},{"taxonomy":"product_cat","embeddable":true,"href":"https:\/\/www.alschu.de\/fr\/wp-json\/wp\/v2\/product_cat?post=2361"},{"taxonomy":"product_tag","embeddable":true,"href":"https:\/\/www.alschu.de\/fr\/wp-json\/wp\/v2\/product_tag?post=2361"}],"curies":[{"name":"wp","href":"https:\/\/api.w.org\/{rel}","templated":true}]}}