{"id":2365,"date":"2024-11-14T07:34:43","date_gmt":"2024-11-14T07:34:43","guid":{"rendered":"https:\/\/www.alschu.de\/produkt\/favorit-cubes-dallumage-emballes-individuellement-boite-de-60"},"modified":"2025-05-04T10:44:40","modified_gmt":"2025-05-04T10:44:40","slug":"favorit-cubes-dallumage-emballes-individuellement-boite-de-60","status":"publish","type":"product","link":"https:\/\/www.alschu.de\/fr\/produkt\/favorit-cubes-dallumage-emballes-individuellement-boite-de-60\/","title":{"rendered":"FAVORIT Cubes d&rsquo;allumage emball\u00e9s individuellement, <br>bo\u00eete de 60"},"content":{"rendered":"<p><strong>Cubes d&rsquo;allumage emball\u00e9s individuellement dans une bo\u00eete de rangement pratique avec couvercle transparent. Combustion puissante et propre. Pour barbecue, chemin\u00e9e et po\u00eale.<\/strong><\/p>\n<ul>\n<li>60 pi\u00e8ces\/bo\u00eete<\/li>\n<li>UE : 6<\/li>\n<li>UE\/Palette : 72<\/li>\n<\/ul>\n","protected":false},"excerpt":{"rendered":"<p>Cubes d&rsquo;allumage emball\u00e9s individuellement dans une bo\u00eete de rangement pratique  [&#8230;]<\/p>\n","protected":false},"featured_media":2044,"comment_status":"open","ping_status":"closed","template":"","meta":[],"product_brand":[],"product_cat":[95,101],"product_tag":[],"class_list":{"0":"post-2365","1":"product","2":"type-product","3":"status-publish","4":"has-post-thumbnail","6":"product_cat-allume-feu","7":"product_cat-allume-feu-blancs","9":"first","10":"instock","11":"shipping-taxable","12":"product-type-simple"},"_links":{"self":[{"href":"https:\/\/www.alschu.de\/fr\/wp-json\/wp\/v2\/product\/2365","targetHints":{"allow":["GET"]}}],"collection":[{"href":"https:\/\/www.alschu.de\/fr\/wp-json\/wp\/v2\/product"}],"about":[{"href":"https:\/\/www.alschu.de\/fr\/wp-json\/wp\/v2\/types\/product"}],"replies":[{"embeddable":true,"href":"https:\/\/www.alschu.de\/fr\/wp-json\/wp\/v2\/comments?post=2365"}],"wp:featuredmedia":[{"embeddable":true,"href":"https:\/\/www.alschu.de\/fr\/wp-json\/wp\/v2\/media\/2044"}],"wp:attachment":[{"href":"https:\/\/www.alschu.de\/fr\/wp-json\/wp\/v2\/media?parent=2365"}],"wp:term":[{"taxonomy":"product_brand","embeddable":true,"href":"https:\/\/www.alschu.de\/fr\/wp-json\/wp\/v2\/product_brand?post=2365"},{"taxonomy":"product_cat","embeddable":true,"href":"https:\/\/www.alschu.de\/fr\/wp-json\/wp\/v2\/product_cat?post=2365"},{"taxonomy":"product_tag","embeddable":true,"href":"https:\/\/www.alschu.de\/fr\/wp-json\/wp\/v2\/product_tag?post=2365"}],"curies":[{"name":"wp","href":"https:\/\/api.w.org\/{rel}","templated":true}]}}