{"id":2382,"date":"2024-11-14T07:40:13","date_gmt":"2024-11-14T07:40:13","guid":{"rendered":"https:\/\/www.alschu.de\/produkt\/favorit-allume-feu-rapide-pour-poele-a-mazout-avec-tete-dallumage-par-friction-50-pieces"},"modified":"2025-05-04T10:50:16","modified_gmt":"2025-05-04T10:50:16","slug":"favorit-allume-feu-rapide-pour-poele-a-huile-avec-tete-a-friction-50-pieces","status":"publish","type":"product","link":"https:\/\/www.alschu.de\/fr\/produkt\/favorit-allume-feu-rapide-pour-poele-a-huile-avec-tete-a-friction-50-pieces\/","title":{"rendered":"FAVORIT Allume-feu rapide pour po\u00eale \u00e0 huile avec t\u00eate \u00e0 friction, <br>50 pi\u00e8ces"},"content":{"rendered":"<p><strong>Aide \u00e0 l&rsquo;allumage rapide avec t\u00eate d&rsquo;allumage par friction pour un allumage rapide du po\u00eale \u00e0 mazout gr\u00e2ce \u00e0 la t\u00eate d&rsquo;allumage int\u00e9gr\u00e9e.<\/strong><\/p>\n<ul>\n<li>50 pi\u00e8ces\/paquet<\/li>\n<li>Unit\u00e9 de vente : 24<\/li>\n<li>Unit\u00e9 d&#8217;emballage\/Palette : 190<\/li>\n<\/ul>\n","protected":false},"excerpt":{"rendered":"<p>Aide \u00e0 l&rsquo;allumage rapide avec t\u00eate d&rsquo;allumage par friction pour  [&#8230;]<\/p>\n","protected":false},"featured_media":2180,"comment_status":"open","ping_status":"closed","template":"","meta":[],"product_brand":[],"product_cat":[91,107],"product_tag":[],"class_list":{"0":"post-2382","1":"product","2":"type-product","3":"status-publish","4":"has-post-thumbnail","6":"product_cat-accessoires-pour-poeles","7":"product_cat-allume-feux","9":"first","10":"instock","11":"shipping-taxable","12":"product-type-simple"},"_links":{"self":[{"href":"https:\/\/www.alschu.de\/fr\/wp-json\/wp\/v2\/product\/2382","targetHints":{"allow":["GET"]}}],"collection":[{"href":"https:\/\/www.alschu.de\/fr\/wp-json\/wp\/v2\/product"}],"about":[{"href":"https:\/\/www.alschu.de\/fr\/wp-json\/wp\/v2\/types\/product"}],"replies":[{"embeddable":true,"href":"https:\/\/www.alschu.de\/fr\/wp-json\/wp\/v2\/comments?post=2382"}],"wp:featuredmedia":[{"embeddable":true,"href":"https:\/\/www.alschu.de\/fr\/wp-json\/wp\/v2\/media\/2180"}],"wp:attachment":[{"href":"https:\/\/www.alschu.de\/fr\/wp-json\/wp\/v2\/media?parent=2382"}],"wp:term":[{"taxonomy":"product_brand","embeddable":true,"href":"https:\/\/www.alschu.de\/fr\/wp-json\/wp\/v2\/product_brand?post=2382"},{"taxonomy":"product_cat","embeddable":true,"href":"https:\/\/www.alschu.de\/fr\/wp-json\/wp\/v2\/product_cat?post=2382"},{"taxonomy":"product_tag","embeddable":true,"href":"https:\/\/www.alschu.de\/fr\/wp-json\/wp\/v2\/product_tag?post=2382"}],"curies":[{"name":"wp","href":"https:\/\/api.w.org\/{rel}","templated":true}]}}