{"id":2389,"date":"2024-11-14T07:21:56","date_gmt":"2024-11-14T07:21:56","guid":{"rendered":"https:\/\/www.alschu.de\/produkt\/favorit-allumettes-20-cm-50-pieces"},"modified":"2025-05-04T10:52:54","modified_gmt":"2025-05-04T10:52:54","slug":"favorit-allumettes-20-cm-50-pieces","status":"publish","type":"product","link":"https:\/\/www.alschu.de\/fr\/produkt\/favorit-allumettes-20-cm-50-pieces\/","title":{"rendered":"FAVORIT Allumettes <br>20 cm, 50 pi\u00e8ces"},"content":{"rendered":"<p><strong>Allumettes pour barbecue et chemin\u00e9e extr\u00eamement longues et robustes (20 cm).<\/strong><\/p>\n<ul>\n<li>50 pi\u00e8ces\/paquet<\/li>\n<li>Nombre d&rsquo;unit\u00e9s par pr\u00e9sentoir : 18<\/li>\n<li>Nombre de pr\u00e9sentoirs par palette : 168<\/li>\n<\/ul>\n<p><img decoding=\"async\" class=\"alignnone wp-image-611\" src=\"https:\/\/www.alschu.de\/wp-content\/uploads\/2024\/07\/icon_fsc.png\" alt=\"Ic\u00f4ne FSC\" width=\"59\" height=\"90\" \/><\/p>\n","protected":false},"excerpt":{"rendered":"<p>Allumettes pour barbecue et chemin\u00e9e extr\u00eamement longues et robustes (20  [&#8230;]<\/p>\n","protected":false},"featured_media":2032,"comment_status":"open","ping_status":"closed","template":"","meta":[],"product_brand":[],"product_cat":[99,100],"product_tag":[],"class_list":{"0":"post-2389","1":"product","2":"type-product","3":"status-publish","4":"has-post-thumbnail","6":"product_cat-accessoires-de-barbecue","7":"product_cat-allumettes","9":"first","10":"instock","11":"shipping-taxable","12":"product-type-simple"},"_links":{"self":[{"href":"https:\/\/www.alschu.de\/fr\/wp-json\/wp\/v2\/product\/2389","targetHints":{"allow":["GET"]}}],"collection":[{"href":"https:\/\/www.alschu.de\/fr\/wp-json\/wp\/v2\/product"}],"about":[{"href":"https:\/\/www.alschu.de\/fr\/wp-json\/wp\/v2\/types\/product"}],"replies":[{"embeddable":true,"href":"https:\/\/www.alschu.de\/fr\/wp-json\/wp\/v2\/comments?post=2389"}],"wp:featuredmedia":[{"embeddable":true,"href":"https:\/\/www.alschu.de\/fr\/wp-json\/wp\/v2\/media\/2032"}],"wp:attachment":[{"href":"https:\/\/www.alschu.de\/fr\/wp-json\/wp\/v2\/media?parent=2389"}],"wp:term":[{"taxonomy":"product_brand","embeddable":true,"href":"https:\/\/www.alschu.de\/fr\/wp-json\/wp\/v2\/product_brand?post=2389"},{"taxonomy":"product_cat","embeddable":true,"href":"https:\/\/www.alschu.de\/fr\/wp-json\/wp\/v2\/product_cat?post=2389"},{"taxonomy":"product_tag","embeddable":true,"href":"https:\/\/www.alschu.de\/fr\/wp-json\/wp\/v2\/product_tag?post=2389"}],"curies":[{"name":"wp","href":"https:\/\/api.w.org\/{rel}","templated":true}]}}