{"id":2395,"date":"2024-09-18T13:59:38","date_gmt":"2024-09-18T13:59:38","guid":{"rendered":"https:\/\/www.alschu.de\/produkt\/charbon-de-bois-pour-barbecue-favorit-25-kg"},"modified":"2025-05-04T10:24:18","modified_gmt":"2025-05-04T10:24:18","slug":"charbon-de-bois-pour-barbecue-favorit-25-kg","status":"publish","type":"product","link":"https:\/\/www.alschu.de\/fr\/produkt\/charbon-de-bois-pour-barbecue-favorit-25-kg\/","title":{"rendered":"FAVORIT Charbon de bois pour barbecue 2,5 kg"},"content":{"rendered":"<p><strong>Grains de grande taille et braise exceptionnelle. S&rsquo;enflamme rapidement.<\/strong><\/p>\n<ul>\n<li>2,5 kg<\/li>\n<li>Unit\u00e9 de vente\/Palette : 180<\/li>\n<\/ul>\n<p><img decoding=\"async\" class=\"alignnone size-full wp-image-610\" src=\"https:\/\/www.alschu.de\/wp-content\/uploads\/2024\/07\/icon_nachwachselnderohstoffe.png\" alt=\"Ic\u00f4ne de mati\u00e8res premi\u00e8res renouvelables\" width=\"90\" height=\"90\" srcset=\"https:\/\/www.alschu.de\/wp-content\/uploads\/2024\/07\/icon_nachwachselnderohstoffe-66x66.png 66w, https:\/\/www.alschu.de\/wp-content\/uploads\/2024\/07\/icon_nachwachselnderohstoffe.png 90w\" sizes=\"(max-width: 90px) 100vw, 90px\" \/><\/p>\n","protected":false},"excerpt":{"rendered":"<p>Grains de grande taille et braise exceptionnelle. S&rsquo;enflamme rapidement. 2,5  [&#8230;]<\/p>\n","protected":false},"featured_media":2168,"comment_status":"closed","ping_status":"closed","template":"","meta":[],"product_brand":[],"product_cat":[89,88],"product_tag":[],"class_list":{"0":"post-2395","1":"product","2":"type-product","3":"status-publish","4":"has-post-thumbnail","6":"product_cat-charbon-de-bois","7":"product_cat-charbon-de-bois-et-briquettes","9":"first","10":"instock","11":"shipping-taxable","12":"product-type-simple"},"_links":{"self":[{"href":"https:\/\/www.alschu.de\/fr\/wp-json\/wp\/v2\/product\/2395","targetHints":{"allow":["GET"]}}],"collection":[{"href":"https:\/\/www.alschu.de\/fr\/wp-json\/wp\/v2\/product"}],"about":[{"href":"https:\/\/www.alschu.de\/fr\/wp-json\/wp\/v2\/types\/product"}],"replies":[{"embeddable":true,"href":"https:\/\/www.alschu.de\/fr\/wp-json\/wp\/v2\/comments?post=2395"}],"wp:featuredmedia":[{"embeddable":true,"href":"https:\/\/www.alschu.de\/fr\/wp-json\/wp\/v2\/media\/2168"}],"wp:attachment":[{"href":"https:\/\/www.alschu.de\/fr\/wp-json\/wp\/v2\/media?parent=2395"}],"wp:term":[{"taxonomy":"product_brand","embeddable":true,"href":"https:\/\/www.alschu.de\/fr\/wp-json\/wp\/v2\/product_brand?post=2395"},{"taxonomy":"product_cat","embeddable":true,"href":"https:\/\/www.alschu.de\/fr\/wp-json\/wp\/v2\/product_cat?post=2395"},{"taxonomy":"product_tag","embeddable":true,"href":"https:\/\/www.alschu.de\/fr\/wp-json\/wp\/v2\/product_tag?post=2395"}],"curies":[{"name":"wp","href":"https:\/\/api.w.org\/{rel}","templated":true}]}}