{"id":2400,"date":"2024-11-14T07:14:23","date_gmt":"2024-11-14T07:14:23","guid":{"rendered":"https:\/\/www.alschu.de\/produkt\/favorit-cubes-dallumage-boite-de-100"},"modified":"2025-04-18T09:48:51","modified_gmt":"2025-04-18T09:48:51","slug":"favorit-cubes-dallumage-boite-de-100","status":"publish","type":"product","link":"https:\/\/www.alschu.de\/fr\/produkt\/favorit-cubes-dallumage-boite-de-100\/","title":{"rendered":"FAVORIT Cubes d&rsquo;allumage Bo\u00eete de 100"},"content":{"rendered":"<p><strong>Cubes d&rsquo;allumage inodores \u00e0 base de paraffine dans une bo\u00eete de stockage pratique avec couvercle transparent. En vrac pour un allumage direct. Dur\u00e9e de combustion : environ 8 \u00e0 10 minutes par allume-feu. Pour barbecue, chemin\u00e9e et po\u00eale.<\/strong><\/p>\n<ul>\n<li>100 pi\u00e8ces\/bo\u00eete<\/li>\n<li>UE : 6<\/li>\n<li>Unit\u00e9s\/Palette : 45<\/li>\n<\/ul>\n","protected":false},"excerpt":{"rendered":"<p>Cubes d&rsquo;allumage inodores \u00e0 base de paraffine dans une bo\u00eete  [&#8230;]<\/p>\n","protected":false},"featured_media":1990,"comment_status":"open","ping_status":"closed","template":"","meta":[],"product_brand":[],"product_cat":[95,101],"product_tag":[],"class_list":{"0":"post-2400","1":"product","2":"type-product","3":"status-publish","4":"has-post-thumbnail","6":"product_cat-allume-feu","7":"product_cat-allume-feu-blancs","9":"first","10":"instock","11":"shipping-taxable","12":"product-type-simple"},"_links":{"self":[{"href":"https:\/\/www.alschu.de\/fr\/wp-json\/wp\/v2\/product\/2400","targetHints":{"allow":["GET"]}}],"collection":[{"href":"https:\/\/www.alschu.de\/fr\/wp-json\/wp\/v2\/product"}],"about":[{"href":"https:\/\/www.alschu.de\/fr\/wp-json\/wp\/v2\/types\/product"}],"replies":[{"embeddable":true,"href":"https:\/\/www.alschu.de\/fr\/wp-json\/wp\/v2\/comments?post=2400"}],"wp:featuredmedia":[{"embeddable":true,"href":"https:\/\/www.alschu.de\/fr\/wp-json\/wp\/v2\/media\/1990"}],"wp:attachment":[{"href":"https:\/\/www.alschu.de\/fr\/wp-json\/wp\/v2\/media?parent=2400"}],"wp:term":[{"taxonomy":"product_brand","embeddable":true,"href":"https:\/\/www.alschu.de\/fr\/wp-json\/wp\/v2\/product_brand?post=2400"},{"taxonomy":"product_cat","embeddable":true,"href":"https:\/\/www.alschu.de\/fr\/wp-json\/wp\/v2\/product_cat?post=2400"},{"taxonomy":"product_tag","embeddable":true,"href":"https:\/\/www.alschu.de\/fr\/wp-json\/wp\/v2\/product_tag?post=2400"}],"curies":[{"name":"wp","href":"https:\/\/api.w.org\/{rel}","templated":true}]}}