{"id":2407,"date":"2024-11-14T07:12:45","date_gmt":"2024-11-14T07:12:45","guid":{"rendered":"https:\/\/www.alschu.de\/produkt\/favorit-coussins-dallumage-boite-de-100"},"modified":"2025-04-18T09:48:53","modified_gmt":"2025-04-18T09:48:53","slug":"favorit-coussins-dallumage-boite-de-100","status":"publish","type":"product","link":"https:\/\/www.alschu.de\/fr\/produkt\/favorit-coussins-dallumage-boite-de-100\/","title":{"rendered":"FAVORIT Coussins d&rsquo;allumage, bo\u00eete de 100"},"content":{"rendered":"<p><strong>Dans un film sp\u00e9cial \u00e0 allumer avec, dans une bo\u00eete de rangement pratique avec couvercle transparent.<br \/>\nDur\u00e9e de combustion : environ 10 minutes par allume-feu. Pour barbecue, chemin\u00e9e et four. <\/strong><\/p>\n<ul>\n<li>100 pi\u00e8ces\/bo\u00eete<\/li>\n<li>UE : 6<\/li>\n<li>UE\/Palette : 72<\/li>\n<\/ul>\n","protected":false},"excerpt":{"rendered":"<p>Dans un film sp\u00e9cial \u00e0 allumer avec, dans une bo\u00eete  [&#8230;]<\/p>\n","protected":false},"featured_media":1986,"comment_status":"open","ping_status":"closed","template":"","meta":[],"product_brand":[],"product_cat":[95,101],"product_tag":[],"class_list":{"0":"post-2407","1":"product","2":"type-product","3":"status-publish","4":"has-post-thumbnail","6":"product_cat-allume-feu","7":"product_cat-allume-feu-blancs","9":"first","10":"instock","11":"shipping-taxable","12":"product-type-simple"},"_links":{"self":[{"href":"https:\/\/www.alschu.de\/fr\/wp-json\/wp\/v2\/product\/2407","targetHints":{"allow":["GET"]}}],"collection":[{"href":"https:\/\/www.alschu.de\/fr\/wp-json\/wp\/v2\/product"}],"about":[{"href":"https:\/\/www.alschu.de\/fr\/wp-json\/wp\/v2\/types\/product"}],"replies":[{"embeddable":true,"href":"https:\/\/www.alschu.de\/fr\/wp-json\/wp\/v2\/comments?post=2407"}],"wp:featuredmedia":[{"embeddable":true,"href":"https:\/\/www.alschu.de\/fr\/wp-json\/wp\/v2\/media\/1986"}],"wp:attachment":[{"href":"https:\/\/www.alschu.de\/fr\/wp-json\/wp\/v2\/media?parent=2407"}],"wp:term":[{"taxonomy":"product_brand","embeddable":true,"href":"https:\/\/www.alschu.de\/fr\/wp-json\/wp\/v2\/product_brand?post=2407"},{"taxonomy":"product_cat","embeddable":true,"href":"https:\/\/www.alschu.de\/fr\/wp-json\/wp\/v2\/product_cat?post=2407"},{"taxonomy":"product_tag","embeddable":true,"href":"https:\/\/www.alschu.de\/fr\/wp-json\/wp\/v2\/product_tag?post=2407"}],"curies":[{"name":"wp","href":"https:\/\/api.w.org\/{rel}","templated":true}]}}