{"id":2414,"date":"2024-11-14T07:15:59","date_gmt":"2024-11-14T07:15:59","guid":{"rendered":"https:\/\/www.alschu.de\/produkt\/favorit-laine-dallumage-ecologique-lot-economique-de-25-kg"},"modified":"2025-05-04T10:41:32","modified_gmt":"2025-05-04T10:41:32","slug":"favoritcoton-dallumage-ecologique-lot-economique-25-kg","status":"publish","type":"product","link":"https:\/\/www.alschu.de\/fr\/produkt\/favoritcoton-dallumage-ecologique-lot-economique-25-kg\/","title":{"rendered":"FAVORITCoton d&rsquo;allumage \u00e9cologique, lot \u00e9conomique, 2,5 kg"},"content":{"rendered":"<p><strong>Produit naturel \u00e0 base de laine de bois et de cire. Dur\u00e9e de combustion : environ 10 minutes par allume-feu. Pour barbecue, chemin\u00e9e et po\u00eale. Lot \u00e9conomique.<\/strong><\/p>\n<ul>\n<li>2,5 kg<\/li>\n<li>Unit\u00e9 de vente\/demi-palette : 32<\/li>\n<li>Unit\u00e9 de vente\/palette : 96<\/li>\n<\/ul>\n<p><img decoding=\"async\" class=\"alignnone size-full wp-image-610\" src=\"https:\/\/www.alschu.de\/wp-content\/uploads\/2024\/07\/icon_nachwachselnderohstoffe.png\" alt=\"Ic\u00f4ne de mati\u00e8res premi\u00e8res renouvelables\" width=\"90\" height=\"90\" srcset=\"https:\/\/www.alschu.de\/wp-content\/uploads\/2024\/07\/icon_nachwachselnderohstoffe-66x66.png 66w, https:\/\/www.alschu.de\/wp-content\/uploads\/2024\/07\/icon_nachwachselnderohstoffe.png 90w\" sizes=\"(max-width: 90px) 100vw, 90px\" \/> <img decoding=\"async\" class=\"alignnone wp-image-611\" src=\"https:\/\/www.alschu.de\/wp-content\/uploads\/2024\/07\/icon_fsc.png\" alt=\"Ic\u00f4ne FSC\" width=\"59\" height=\"90\" \/> <img decoding=\"async\" class=\"alignnone wp-image-1451\" src=\"https:\/\/www.alschu.de\/wp-content\/uploads\/2025\/02\/favorit_made_in_germany.png\" alt=\"\" width=\"90\" height=\"90\" srcset=\"https:\/\/www.alschu.de\/wp-content\/uploads\/2025\/02\/favorit_made_in_germany-66x66.png 66w, https:\/\/www.alschu.de\/wp-content\/uploads\/2025\/02\/favorit_made_in_germany-150x150.png 150w, https:\/\/www.alschu.de\/wp-content\/uploads\/2025\/02\/favorit_made_in_germany-200x200.png 200w, https:\/\/www.alschu.de\/wp-content\/uploads\/2025\/02\/favorit_made_in_germany-300x300.png 300w, https:\/\/www.alschu.de\/wp-content\/uploads\/2025\/02\/favorit_made_in_germany-400x400.png 400w, https:\/\/www.alschu.de\/wp-content\/uploads\/2025\/02\/favorit_made_in_germany-500x500.png 500w, https:\/\/www.alschu.de\/wp-content\/uploads\/2025\/02\/favorit_made_in_germany-600x600.png 600w, https:\/\/www.alschu.de\/wp-content\/uploads\/2025\/02\/favorit_made_in_germany-700x700.png 700w, https:\/\/www.alschu.de\/wp-content\/uploads\/2025\/02\/favorit_made_in_germany-768x768.png 768w, https:\/\/www.alschu.de\/wp-content\/uploads\/2025\/02\/favorit_made_in_germany-800x800.png 800w, https:\/\/www.alschu.de\/wp-content\/uploads\/2025\/02\/favorit_made_in_germany-1024x1024.png 1024w, https:\/\/www.alschu.de\/wp-content\/uploads\/2025\/02\/favorit_made_in_germany.png 1128w\" sizes=\"(max-width: 90px) 100vw, 90px\" \/><\/p>\n","protected":false},"excerpt":{"rendered":"<p>Produit naturel \u00e0 base de laine de bois et de  [&#8230;]<\/p>\n","protected":false},"featured_media":2224,"comment_status":"open","ping_status":"closed","template":"","meta":[],"product_brand":[],"product_cat":[95,106],"product_tag":[],"class_list":{"0":"post-2414","1":"product","2":"type-product","3":"status-publish","4":"has-post-thumbnail","6":"product_cat-allume-feu","7":"product_cat-laine-dallumage","9":"first","10":"instock","11":"shipping-taxable","12":"product-type-simple"},"_links":{"self":[{"href":"https:\/\/www.alschu.de\/fr\/wp-json\/wp\/v2\/product\/2414","targetHints":{"allow":["GET"]}}],"collection":[{"href":"https:\/\/www.alschu.de\/fr\/wp-json\/wp\/v2\/product"}],"about":[{"href":"https:\/\/www.alschu.de\/fr\/wp-json\/wp\/v2\/types\/product"}],"replies":[{"embeddable":true,"href":"https:\/\/www.alschu.de\/fr\/wp-json\/wp\/v2\/comments?post=2414"}],"wp:featuredmedia":[{"embeddable":true,"href":"https:\/\/www.alschu.de\/fr\/wp-json\/wp\/v2\/media\/2224"}],"wp:attachment":[{"href":"https:\/\/www.alschu.de\/fr\/wp-json\/wp\/v2\/media?parent=2414"}],"wp:term":[{"taxonomy":"product_brand","embeddable":true,"href":"https:\/\/www.alschu.de\/fr\/wp-json\/wp\/v2\/product_brand?post=2414"},{"taxonomy":"product_cat","embeddable":true,"href":"https:\/\/www.alschu.de\/fr\/wp-json\/wp\/v2\/product_cat?post=2414"},{"taxonomy":"product_tag","embeddable":true,"href":"https:\/\/www.alschu.de\/fr\/wp-json\/wp\/v2\/product_tag?post=2414"}],"curies":[{"name":"wp","href":"https:\/\/api.w.org\/{rel}","templated":true}]}}