{"id":2421,"date":"2024-11-14T07:18:14","date_gmt":"2024-11-14T07:18:14","guid":{"rendered":"https:\/\/www.alschu.de\/produkt\/cubes-allume-feu-favorit-en-plateau-de-24-pieces"},"modified":"2025-05-04T10:45:53","modified_gmt":"2025-05-04T10:45:53","slug":"favorit-cubes-dallumage-en-plateau-24-pieces","status":"publish","type":"product","link":"https:\/\/www.alschu.de\/fr\/produkt\/favorit-cubes-dallumage-en-plateau-24-pieces\/","title":{"rendered":"FAVORIT Cubes d&rsquo;allumage en plateau, 24 pi\u00e8ces"},"content":{"rendered":"<p><strong>Cubes allume-feu inodores \u00e0 longue dur\u00e9e de combustion, portionn\u00e9s individuellement dans un plateau. Application ais\u00e9e.<br \/>\npropre et inodore <\/strong><\/p>\n<ul>\n<li>24 pi\u00e8ces par paquet<\/li>\n<li>Unit\u00e9 de vente : 24<\/li>\n<li>UE\/Palette : 36<\/li>\n<\/ul>\n","protected":false},"excerpt":{"rendered":"<p>Cubes allume-feu inodores \u00e0 longue dur\u00e9e de combustion, portionn\u00e9s individuellement  [&#8230;]<\/p>\n","protected":false},"featured_media":2002,"comment_status":"open","ping_status":"closed","template":"","meta":[],"product_brand":[],"product_cat":[95,101],"product_tag":[],"class_list":{"0":"post-2421","1":"product","2":"type-product","3":"status-publish","4":"has-post-thumbnail","6":"product_cat-allume-feu","7":"product_cat-allume-feu-blancs","9":"first","10":"instock","11":"shipping-taxable","12":"product-type-simple"},"_links":{"self":[{"href":"https:\/\/www.alschu.de\/fr\/wp-json\/wp\/v2\/product\/2421","targetHints":{"allow":["GET"]}}],"collection":[{"href":"https:\/\/www.alschu.de\/fr\/wp-json\/wp\/v2\/product"}],"about":[{"href":"https:\/\/www.alschu.de\/fr\/wp-json\/wp\/v2\/types\/product"}],"replies":[{"embeddable":true,"href":"https:\/\/www.alschu.de\/fr\/wp-json\/wp\/v2\/comments?post=2421"}],"wp:featuredmedia":[{"embeddable":true,"href":"https:\/\/www.alschu.de\/fr\/wp-json\/wp\/v2\/media\/2002"}],"wp:attachment":[{"href":"https:\/\/www.alschu.de\/fr\/wp-json\/wp\/v2\/media?parent=2421"}],"wp:term":[{"taxonomy":"product_brand","embeddable":true,"href":"https:\/\/www.alschu.de\/fr\/wp-json\/wp\/v2\/product_brand?post=2421"},{"taxonomy":"product_cat","embeddable":true,"href":"https:\/\/www.alschu.de\/fr\/wp-json\/wp\/v2\/product_cat?post=2421"},{"taxonomy":"product_tag","embeddable":true,"href":"https:\/\/www.alschu.de\/fr\/wp-json\/wp\/v2\/product_tag?post=2421"}],"curies":[{"name":"wp","href":"https:\/\/api.w.org\/{rel}","templated":true}]}}