{"id":2432,"date":"2024-11-15T07:57:13","date_gmt":"2024-11-15T07:57:13","guid":{"rendered":"https:\/\/www.alschu.de\/produkt\/favorit-torche-en-bambou-90-cm"},"modified":"2025-05-04T11:01:23","modified_gmt":"2025-05-04T11:01:23","slug":"favorit-torche-en-bambou-90-cm","status":"publish","type":"product","link":"https:\/\/www.alschu.de\/fr\/produkt\/favorit-torche-en-bambou-90-cm\/","title":{"rendered":"FAVORIT Torche en bambou 90 cm"},"content":{"rendered":"<p><strong>Le classique parmi les torches de jardin. Torche en bambou, naturelle, environ 90 cm. Avec r\u00e9servoir de 185 ml \u00e0 remplir d&rsquo;huile pour lampe. Fermeture s\u00e9curis\u00e9e pour enfants conforme \u00e0 la norme EN 14059. <\/strong><\/p>\n<ul>\n<li>90 cm<\/li>\n<li>Unit\u00e9 de vente : 24<\/li>\n<li>UE\/Palette : 30<\/li>\n<\/ul>\n","protected":false},"excerpt":{"rendered":"<p>Le classique parmi les torches de jardin. Torche en bambou,  [&#8230;]<\/p>\n","protected":false},"featured_media":2126,"comment_status":"open","ping_status":"closed","template":"","meta":[],"product_brand":[],"product_cat":[115,116],"product_tag":[],"class_list":{"0":"post-2432","1":"product","2":"type-product","3":"status-publish","4":"has-post-thumbnail","6":"product_cat-accessoires-de-fete","7":"product_cat-torches-en-bambou","9":"first","10":"instock","11":"shipping-taxable","12":"product-type-simple"},"_links":{"self":[{"href":"https:\/\/www.alschu.de\/fr\/wp-json\/wp\/v2\/product\/2432","targetHints":{"allow":["GET"]}}],"collection":[{"href":"https:\/\/www.alschu.de\/fr\/wp-json\/wp\/v2\/product"}],"about":[{"href":"https:\/\/www.alschu.de\/fr\/wp-json\/wp\/v2\/types\/product"}],"replies":[{"embeddable":true,"href":"https:\/\/www.alschu.de\/fr\/wp-json\/wp\/v2\/comments?post=2432"}],"wp:featuredmedia":[{"embeddable":true,"href":"https:\/\/www.alschu.de\/fr\/wp-json\/wp\/v2\/media\/2126"}],"wp:attachment":[{"href":"https:\/\/www.alschu.de\/fr\/wp-json\/wp\/v2\/media?parent=2432"}],"wp:term":[{"taxonomy":"product_brand","embeddable":true,"href":"https:\/\/www.alschu.de\/fr\/wp-json\/wp\/v2\/product_brand?post=2432"},{"taxonomy":"product_cat","embeddable":true,"href":"https:\/\/www.alschu.de\/fr\/wp-json\/wp\/v2\/product_cat?post=2432"},{"taxonomy":"product_tag","embeddable":true,"href":"https:\/\/www.alschu.de\/fr\/wp-json\/wp\/v2\/product_tag?post=2432"}],"curies":[{"name":"wp","href":"https:\/\/api.w.org\/{rel}","templated":true}]}}