{"id":2433,"date":"2024-11-14T10:27:24","date_gmt":"2024-11-14T10:27:24","guid":{"rendered":"https:\/\/www.alschu.de\/produkt\/favorit-allume-feux-en-batonnets-boite-de-100"},"modified":"2025-04-18T09:49:58","modified_gmt":"2025-04-18T09:49:58","slug":"favorit-allume-feux-en-batonnets-boite-de-100","status":"publish","type":"product","link":"https:\/\/www.alschu.de\/fr\/produkt\/favorit-allume-feux-en-batonnets-boite-de-100\/","title":{"rendered":"FAVORIT Allume-feux en b\u00e2tonnets, bo\u00eete de 100"},"content":{"rendered":"<p><strong>Allume-feux \u00e9cologiques en bois, impr\u00e9gn\u00e9s de cire. Pr\u00e9d\u00e9coup\u00e9s pour une utilisation imm\u00e9diate dans les grils, chemin\u00e9es et fours. Faible odeur et combustion puissante.<\/strong><\/p>\n<ul>\n<li>100 pi\u00e8ces\/bo\u00eete<\/li>\n<li>UE : 6<\/li>\n<li>Unit\u00e9 de vente\/Palette : 27<\/li>\n<\/ul>\n<p><img decoding=\"async\" class=\"alignnone size-full wp-image-610\" src=\"https:\/\/www.alschu.de\/wp-content\/uploads\/2024\/07\/icon_nachwachselnderohstoffe.png\" alt=\"Ic\u00f4ne de mati\u00e8res premi\u00e8res renouvelables\" width=\"90\" height=\"90\" srcset=\"https:\/\/www.alschu.de\/wp-content\/uploads\/2024\/07\/icon_nachwachselnderohstoffe-66x66.png 66w, https:\/\/www.alschu.de\/wp-content\/uploads\/2024\/07\/icon_nachwachselnderohstoffe.png 90w\" sizes=\"(max-width: 90px) 100vw, 90px\" \/> <img decoding=\"async\" class=\"alignnone wp-image-611\" src=\"https:\/\/www.alschu.de\/wp-content\/uploads\/2024\/07\/icon_fsc.png\" alt=\"Ic\u00f4ne FSC\" width=\"59\" height=\"90\"> <img decoding=\"async\" class=\"alignnone wp-image-1451\" src=\"https:\/\/www.alschu.de\/wp-content\/uploads\/2025\/02\/favorit_made_in_germany.png\" alt=\"\" width=\"90\" height=\"90\" srcset=\"https:\/\/www.alschu.de\/wp-content\/uploads\/2025\/02\/favorit_made_in_germany-66x66.png 66w, https:\/\/www.alschu.de\/wp-content\/uploads\/2025\/02\/favorit_made_in_germany-150x150.png 150w, https:\/\/www.alschu.de\/wp-content\/uploads\/2025\/02\/favorit_made_in_germany-200x200.png 200w, https:\/\/www.alschu.de\/wp-content\/uploads\/2025\/02\/favorit_made_in_germany-300x300.png 300w, https:\/\/www.alschu.de\/wp-content\/uploads\/2025\/02\/favorit_made_in_germany-400x400.png 400w, https:\/\/www.alschu.de\/wp-content\/uploads\/2025\/02\/favorit_made_in_germany-500x500.png 500w, https:\/\/www.alschu.de\/wp-content\/uploads\/2025\/02\/favorit_made_in_germany-600x600.png 600w, https:\/\/www.alschu.de\/wp-content\/uploads\/2025\/02\/favorit_made_in_germany-700x700.png 700w, https:\/\/www.alschu.de\/wp-content\/uploads\/2025\/02\/favorit_made_in_germany-768x768.png 768w, https:\/\/www.alschu.de\/wp-content\/uploads\/2025\/02\/favorit_made_in_germany-800x800.png 800w, https:\/\/www.alschu.de\/wp-content\/uploads\/2025\/02\/favorit_made_in_germany-1024x1024.png 1024w, https:\/\/www.alschu.de\/wp-content\/uploads\/2025\/02\/favorit_made_in_germany.png 1128w\" sizes=\"(max-width: 90px) 100vw, 90px\" \/><\/p>\n","protected":false},"excerpt":{"rendered":"<p>Allume-feux \u00e9cologiques en bois, impr\u00e9gn\u00e9s de cire. Pr\u00e9d\u00e9coup\u00e9s pour une  [&#8230;]<\/p>\n","protected":false},"featured_media":2056,"comment_status":"open","ping_status":"closed","template":"","meta":[],"product_brand":[],"product_cat":[95,96],"product_tag":[],"class_list":{"0":"post-2433","1":"product","2":"type-product","3":"status-publish","4":"has-post-thumbnail","6":"product_cat-allume-feu","7":"product_cat-allume-feu-en-bois-et-cire","9":"first","10":"instock","11":"shipping-taxable","12":"product-type-simple"},"_links":{"self":[{"href":"https:\/\/www.alschu.de\/fr\/wp-json\/wp\/v2\/product\/2433","targetHints":{"allow":["GET"]}}],"collection":[{"href":"https:\/\/www.alschu.de\/fr\/wp-json\/wp\/v2\/product"}],"about":[{"href":"https:\/\/www.alschu.de\/fr\/wp-json\/wp\/v2\/types\/product"}],"replies":[{"embeddable":true,"href":"https:\/\/www.alschu.de\/fr\/wp-json\/wp\/v2\/comments?post=2433"}],"wp:featuredmedia":[{"embeddable":true,"href":"https:\/\/www.alschu.de\/fr\/wp-json\/wp\/v2\/media\/2056"}],"wp:attachment":[{"href":"https:\/\/www.alschu.de\/fr\/wp-json\/wp\/v2\/media?parent=2433"}],"wp:term":[{"taxonomy":"product_brand","embeddable":true,"href":"https:\/\/www.alschu.de\/fr\/wp-json\/wp\/v2\/product_brand?post=2433"},{"taxonomy":"product_cat","embeddable":true,"href":"https:\/\/www.alschu.de\/fr\/wp-json\/wp\/v2\/product_cat?post=2433"},{"taxonomy":"product_tag","embeddable":true,"href":"https:\/\/www.alschu.de\/fr\/wp-json\/wp\/v2\/product_tag?post=2433"}],"curies":[{"name":"wp","href":"https:\/\/api.w.org\/{rel}","templated":true}]}}