{"id":2437,"date":"2024-11-14T08:09:59","date_gmt":"2024-11-14T08:09:59","guid":{"rendered":"https:\/\/www.alschu.de\/produkt\/charbon-de-bois-de-restaurant-luebzer-6-kg"},"modified":"2025-05-04T10:27:05","modified_gmt":"2025-05-04T10:27:05","slug":"favorit-charbon-de-bois-de-restaurant-luebzer-6-kg","status":"publish","type":"product","link":"https:\/\/www.alschu.de\/fr\/produkt\/favorit-charbon-de-bois-de-restaurant-luebzer-6-kg\/","title":{"rendered":"FAVORIT Charbon de bois de restaurant L\u00fcbzer 6 kg"},"content":{"rendered":"<p><strong>Charbon de bois pour restaurant L\u00fcbzer de <\/strong><strong>qualit\u00e9 sup\u00e9rieure avec une dur\u00e9e de combustion prolong\u00e9e. <\/strong><strong>Granulom\u00e9trie particuli\u00e8rement large et braises exceptionnelles.<\/strong><\/p>\n<ul>\n<li>6 kg<\/li>\n<li>Unit\u00e9s par palette : 80<\/li>\n<\/ul>\n","protected":false},"excerpt":{"rendered":"<p>Charbon de bois pour restaurant L\u00fcbzer de qualit\u00e9 sup\u00e9rieure avec  [&#8230;]<\/p>\n","protected":false},"featured_media":2030,"comment_status":"open","ping_status":"closed","template":"","meta":[],"product_brand":[],"product_cat":[88,110],"product_tag":[],"class_list":{"0":"post-2437","1":"product","2":"type-product","3":"status-publish","4":"has-post-thumbnail","6":"product_cat-charbon-de-bois-et-briquettes","7":"product_cat-professionnel","9":"first","10":"instock","11":"shipping-taxable","12":"product-type-simple"},"_links":{"self":[{"href":"https:\/\/www.alschu.de\/fr\/wp-json\/wp\/v2\/product\/2437","targetHints":{"allow":["GET"]}}],"collection":[{"href":"https:\/\/www.alschu.de\/fr\/wp-json\/wp\/v2\/product"}],"about":[{"href":"https:\/\/www.alschu.de\/fr\/wp-json\/wp\/v2\/types\/product"}],"replies":[{"embeddable":true,"href":"https:\/\/www.alschu.de\/fr\/wp-json\/wp\/v2\/comments?post=2437"}],"wp:featuredmedia":[{"embeddable":true,"href":"https:\/\/www.alschu.de\/fr\/wp-json\/wp\/v2\/media\/2030"}],"wp:attachment":[{"href":"https:\/\/www.alschu.de\/fr\/wp-json\/wp\/v2\/media?parent=2437"}],"wp:term":[{"taxonomy":"product_brand","embeddable":true,"href":"https:\/\/www.alschu.de\/fr\/wp-json\/wp\/v2\/product_brand?post=2437"},{"taxonomy":"product_cat","embeddable":true,"href":"https:\/\/www.alschu.de\/fr\/wp-json\/wp\/v2\/product_cat?post=2437"},{"taxonomy":"product_tag","embeddable":true,"href":"https:\/\/www.alschu.de\/fr\/wp-json\/wp\/v2\/product_tag?post=2437"}],"curies":[{"name":"wp","href":"https:\/\/api.w.org\/{rel}","templated":true}]}}