{"id":2439,"date":"2024-11-14T08:09:08","date_gmt":"2024-11-14T08:09:08","guid":{"rendered":"https:\/\/www.alschu.de\/produkt\/favorit-briquettes-de-charbon-de-coco-5-kg"},"modified":"2025-05-04T10:28:29","modified_gmt":"2025-05-04T10:28:29","slug":"favorit-briquettes-de-charbon-de-bois-de-coco-5-kg","status":"publish","type":"product","link":"https:\/\/www.alschu.de\/fr\/produkt\/favorit-briquettes-de-charbon-de-bois-de-coco-5-kg\/","title":{"rendered":"FAVORIT Briquettes de charbon de bois de coco <br>5 kg"},"content":{"rendered":"<p><strong>Briquettes de charbon de coco &#8211; \u00ab pour le bien de l&rsquo;environnement \u00bb. Qualit\u00e9 sup\u00e9rieure issue de coques de noix de coco. Br\u00fblent plus longtemps et plus intens\u00e9ment ! 100 % naturel, 100 % durable, 100 % \u00e9cologique. <\/strong><\/p>\n<ul>\n<li>5 kg<\/li>\n<li>Unit\u00e9s\/Palette : 120<\/li>\n<\/ul>\n","protected":false},"excerpt":{"rendered":"<p>Briquettes de charbon de coco &#8211; \u00ab pour le bien  [&#8230;]<\/p>\n","protected":false},"featured_media":2026,"comment_status":"open","ping_status":"closed","template":"","meta":[],"product_brand":[],"product_cat":[118,88],"product_tag":[],"class_list":{"0":"post-2439","1":"product","2":"type-product","3":"status-publish","4":"has-post-thumbnail","6":"product_cat-briquettes-fr","7":"product_cat-charbon-de-bois-et-briquettes","9":"first","10":"instock","11":"shipping-taxable","12":"product-type-simple"},"_links":{"self":[{"href":"https:\/\/www.alschu.de\/fr\/wp-json\/wp\/v2\/product\/2439","targetHints":{"allow":["GET"]}}],"collection":[{"href":"https:\/\/www.alschu.de\/fr\/wp-json\/wp\/v2\/product"}],"about":[{"href":"https:\/\/www.alschu.de\/fr\/wp-json\/wp\/v2\/types\/product"}],"replies":[{"embeddable":true,"href":"https:\/\/www.alschu.de\/fr\/wp-json\/wp\/v2\/comments?post=2439"}],"wp:featuredmedia":[{"embeddable":true,"href":"https:\/\/www.alschu.de\/fr\/wp-json\/wp\/v2\/media\/2026"}],"wp:attachment":[{"href":"https:\/\/www.alschu.de\/fr\/wp-json\/wp\/v2\/media?parent=2439"}],"wp:term":[{"taxonomy":"product_brand","embeddable":true,"href":"https:\/\/www.alschu.de\/fr\/wp-json\/wp\/v2\/product_brand?post=2439"},{"taxonomy":"product_cat","embeddable":true,"href":"https:\/\/www.alschu.de\/fr\/wp-json\/wp\/v2\/product_cat?post=2439"},{"taxonomy":"product_tag","embeddable":true,"href":"https:\/\/www.alschu.de\/fr\/wp-json\/wp\/v2\/product_tag?post=2439"}],"curies":[{"name":"wp","href":"https:\/\/api.w.org\/{rel}","templated":true}]}}