{"id":2442,"date":"2024-11-14T08:08:46","date_gmt":"2024-11-14T08:08:46","guid":{"rendered":"https:\/\/www.alschu.de\/produkt\/favorit-charbon-de-bois-de-hetre-5-kg"},"modified":"2025-05-04T10:26:55","modified_gmt":"2025-05-04T10:26:55","slug":"favorit-charbon-de-bois-de-hetre-5-kg","status":"publish","type":"product","link":"https:\/\/www.alschu.de\/fr\/produkt\/favorit-charbon-de-bois-de-hetre-5-kg\/","title":{"rendered":"FAVORIT Charbon de bois de h\u00eatre 5 kg"},"content":{"rendered":"<p><strong>Charbon de bois premium issu du h\u00eatre. S&rsquo;enflamme rapidement et br\u00fble longuement. <\/strong><\/p>\n<ul>\n<li>5 kg<\/li>\n<li>UE\/Palette : 72<\/li>\n<\/ul>\n","protected":false},"excerpt":{"rendered":"<p>Charbon de bois premium issu du h\u00eatre. S&rsquo;enflamme rapidement et  [&#8230;]<\/p>\n","protected":false},"featured_media":2024,"comment_status":"open","ping_status":"closed","template":"","meta":[],"product_brand":[],"product_cat":[88,119],"product_tag":[],"class_list":{"0":"post-2442","1":"product","2":"type-product","3":"status-publish","4":"has-post-thumbnail","6":"product_cat-charbon-de-bois-et-briquettes","7":"product_cat-premium-fr","9":"first","10":"instock","11":"shipping-taxable","12":"product-type-simple"},"_links":{"self":[{"href":"https:\/\/www.alschu.de\/fr\/wp-json\/wp\/v2\/product\/2442","targetHints":{"allow":["GET"]}}],"collection":[{"href":"https:\/\/www.alschu.de\/fr\/wp-json\/wp\/v2\/product"}],"about":[{"href":"https:\/\/www.alschu.de\/fr\/wp-json\/wp\/v2\/types\/product"}],"replies":[{"embeddable":true,"href":"https:\/\/www.alschu.de\/fr\/wp-json\/wp\/v2\/comments?post=2442"}],"wp:featuredmedia":[{"embeddable":true,"href":"https:\/\/www.alschu.de\/fr\/wp-json\/wp\/v2\/media\/2024"}],"wp:attachment":[{"href":"https:\/\/www.alschu.de\/fr\/wp-json\/wp\/v2\/media?parent=2442"}],"wp:term":[{"taxonomy":"product_brand","embeddable":true,"href":"https:\/\/www.alschu.de\/fr\/wp-json\/wp\/v2\/product_brand?post=2442"},{"taxonomy":"product_cat","embeddable":true,"href":"https:\/\/www.alschu.de\/fr\/wp-json\/wp\/v2\/product_cat?post=2442"},{"taxonomy":"product_tag","embeddable":true,"href":"https:\/\/www.alschu.de\/fr\/wp-json\/wp\/v2\/product_tag?post=2442"}],"curies":[{"name":"wp","href":"https:\/\/api.w.org\/{rel}","templated":true}]}}