{"id":2446,"date":"2024-11-14T08:07:34","date_gmt":"2024-11-14T08:07:34","guid":{"rendered":"https:\/\/www.alschu.de\/produkt\/briquettes-de-barbecue-favorit-10-kg"},"modified":"2025-05-04T10:26:41","modified_gmt":"2025-05-04T10:26:41","slug":"favorit-briquettes-de-barbecue-10-kg","status":"publish","type":"product","link":"https:\/\/www.alschu.de\/fr\/produkt\/favorit-briquettes-de-barbecue-10-kg\/","title":{"rendered":"FAVORIT Briquettes de barbecue 10 kg"},"content":{"rendered":"<p><strong>Les \u00ab AUTHENTIQUES \u00bb, press\u00e9es \u00e0 partir de pure poudre de charbon de bois. Longue dur\u00e9e d&rsquo;incandescence.<\/strong><\/p>\n<ul>\n<li>10 kg<\/li>\n<li>Unit\u00e9s\/palette : 60<\/li>\n<\/ul>\n","protected":false},"excerpt":{"rendered":"<p>Les \u00ab AUTHENTIQUES \u00bb, press\u00e9es \u00e0 partir de pure poudre  [&#8230;]<\/p>\n","protected":false},"featured_media":2014,"comment_status":"open","ping_status":"closed","template":"","meta":[],"product_brand":[],"product_cat":[118,88],"product_tag":[],"class_list":{"0":"post-2446","1":"product","2":"type-product","3":"status-publish","4":"has-post-thumbnail","6":"product_cat-briquettes-fr","7":"product_cat-charbon-de-bois-et-briquettes","9":"first","10":"instock","11":"shipping-taxable","12":"product-type-simple"},"_links":{"self":[{"href":"https:\/\/www.alschu.de\/fr\/wp-json\/wp\/v2\/product\/2446","targetHints":{"allow":["GET"]}}],"collection":[{"href":"https:\/\/www.alschu.de\/fr\/wp-json\/wp\/v2\/product"}],"about":[{"href":"https:\/\/www.alschu.de\/fr\/wp-json\/wp\/v2\/types\/product"}],"replies":[{"embeddable":true,"href":"https:\/\/www.alschu.de\/fr\/wp-json\/wp\/v2\/comments?post=2446"}],"wp:featuredmedia":[{"embeddable":true,"href":"https:\/\/www.alschu.de\/fr\/wp-json\/wp\/v2\/media\/2014"}],"wp:attachment":[{"href":"https:\/\/www.alschu.de\/fr\/wp-json\/wp\/v2\/media?parent=2446"}],"wp:term":[{"taxonomy":"product_brand","embeddable":true,"href":"https:\/\/www.alschu.de\/fr\/wp-json\/wp\/v2\/product_brand?post=2446"},{"taxonomy":"product_cat","embeddable":true,"href":"https:\/\/www.alschu.de\/fr\/wp-json\/wp\/v2\/product_cat?post=2446"},{"taxonomy":"product_tag","embeddable":true,"href":"https:\/\/www.alschu.de\/fr\/wp-json\/wp\/v2\/product_tag?post=2446"}],"curies":[{"name":"wp","href":"https:\/\/api.w.org\/{rel}","templated":true}]}}