{"id":2448,"date":"2024-11-14T08:05:31","date_gmt":"2024-11-14T08:05:31","guid":{"rendered":"https:\/\/www.alschu.de\/produkt\/huile-de-lampe-bio-favorit-a-la-citronnelle-flacon-de-1l"},"modified":"2025-05-04T10:58:35","modified_gmt":"2025-05-04T10:58:35","slug":"favorit-huile-de-lampe-bio-a-la-citronnelle-bouteille-de-1l","status":"publish","type":"product","link":"https:\/\/www.alschu.de\/fr\/produkt\/favorit-huile-de-lampe-bio-a-la-citronnelle-bouteille-de-1l\/","title":{"rendered":"FAVORIT Huile de lampe bio \u00e0 la citronnelle, bouteille de 1L"},"content":{"rendered":"<p><strong>Huile de lampe parfum\u00e9e \u00e0 base d&rsquo;huile de colza.<\/strong><\/p>\n<ul>\n<li>Parfum : Citronnelle<\/li>\n<li>1000 ml\/flacon<\/li>\n<li>UE : 12<\/li>\n<li>Unit\u00e9s\/palette : 60<\/li>\n<\/ul>\n<p><img decoding=\"async\" class=\"alignnone wp-image-1451\" src=\"https:\/\/www.alschu.de\/wp-content\/uploads\/2025\/02\/favorit_made_in_germany.png\" alt=\"\" width=\"90\" height=\"90\" srcset=\"https:\/\/www.alschu.de\/wp-content\/uploads\/2025\/02\/favorit_made_in_germany-66x66.png 66w, https:\/\/www.alschu.de\/wp-content\/uploads\/2025\/02\/favorit_made_in_germany-150x150.png 150w, https:\/\/www.alschu.de\/wp-content\/uploads\/2025\/02\/favorit_made_in_germany-200x200.png 200w, https:\/\/www.alschu.de\/wp-content\/uploads\/2025\/02\/favorit_made_in_germany-300x300.png 300w, https:\/\/www.alschu.de\/wp-content\/uploads\/2025\/02\/favorit_made_in_germany-400x400.png 400w, https:\/\/www.alschu.de\/wp-content\/uploads\/2025\/02\/favorit_made_in_germany-500x500.png 500w, https:\/\/www.alschu.de\/wp-content\/uploads\/2025\/02\/favorit_made_in_germany-600x600.png 600w, https:\/\/www.alschu.de\/wp-content\/uploads\/2025\/02\/favorit_made_in_germany-700x700.png 700w, https:\/\/www.alschu.de\/wp-content\/uploads\/2025\/02\/favorit_made_in_germany-768x768.png 768w, https:\/\/www.alschu.de\/wp-content\/uploads\/2025\/02\/favorit_made_in_germany-800x800.png 800w, https:\/\/www.alschu.de\/wp-content\/uploads\/2025\/02\/favorit_made_in_germany-1024x1024.png 1024w, https:\/\/www.alschu.de\/wp-content\/uploads\/2025\/02\/favorit_made_in_germany.png 1128w\" sizes=\"(max-width: 90px) 100vw, 90px\" \/><\/p>\n","protected":false},"excerpt":{"rendered":"<p>Huile de lampe parfum\u00e9e \u00e0 base d&rsquo;huile de colza. Parfum  [&#8230;]<\/p>\n","protected":false},"featured_media":2166,"comment_status":"open","ping_status":"closed","template":"","meta":[],"product_brand":[],"product_cat":[115,121],"product_tag":[],"class_list":{"0":"post-2448","1":"product","2":"type-product","3":"status-publish","4":"has-post-thumbnail","6":"product_cat-accessoires-de-fete","7":"product_cat-huiles-pour-lampes","9":"first","10":"instock","11":"shipping-taxable","12":"product-type-simple"},"_links":{"self":[{"href":"https:\/\/www.alschu.de\/fr\/wp-json\/wp\/v2\/product\/2448","targetHints":{"allow":["GET"]}}],"collection":[{"href":"https:\/\/www.alschu.de\/fr\/wp-json\/wp\/v2\/product"}],"about":[{"href":"https:\/\/www.alschu.de\/fr\/wp-json\/wp\/v2\/types\/product"}],"replies":[{"embeddable":true,"href":"https:\/\/www.alschu.de\/fr\/wp-json\/wp\/v2\/comments?post=2448"}],"wp:featuredmedia":[{"embeddable":true,"href":"https:\/\/www.alschu.de\/fr\/wp-json\/wp\/v2\/media\/2166"}],"wp:attachment":[{"href":"https:\/\/www.alschu.de\/fr\/wp-json\/wp\/v2\/media?parent=2448"}],"wp:term":[{"taxonomy":"product_brand","embeddable":true,"href":"https:\/\/www.alschu.de\/fr\/wp-json\/wp\/v2\/product_brand?post=2448"},{"taxonomy":"product_cat","embeddable":true,"href":"https:\/\/www.alschu.de\/fr\/wp-json\/wp\/v2\/product_cat?post=2448"},{"taxonomy":"product_tag","embeddable":true,"href":"https:\/\/www.alschu.de\/fr\/wp-json\/wp\/v2\/product_tag?post=2448"}],"curies":[{"name":"wp","href":"https:\/\/api.w.org\/{rel}","templated":true}]}}