{"id":2457,"date":"2024-11-14T08:04:28","date_gmt":"2024-11-14T08:04:28","guid":{"rendered":"https:\/\/www.alschu.de\/produkt\/plats-de-cuisson-en-aluminium-favorit-carres-20-pieces-en-presentoir"},"modified":"2025-05-04T10:54:35","modified_gmt":"2025-05-04T10:54:35","slug":"favorit-plats-a-griller-en-aluminium-carres-lot-de-20-en-presentoir","status":"publish","type":"product","link":"https:\/\/www.alschu.de\/fr\/produkt\/favorit-plats-a-griller-en-aluminium-carres-lot-de-20-en-presentoir\/","title":{"rendered":"FAVORIT Plats \u00e0 griller en aluminium carr\u00e9s, <br>lot de 20, en pr\u00e9sentoir"},"content":{"rendered":"<p><strong>Convient pour tous les barbecues \u00e0 charbon, \u00e0 gaz et \u00e9lectriques. Dimensions : 34 cm x 22 cm. <\/strong><\/p>\n<ul>\n<li>20 pi\u00e8ces par paquet<\/li>\n<li>Unit\u00e9 de vente\/pr\u00e9sentoir : 44<\/li>\n<li>Unit\u00e9s de vente\/pr\u00e9sentoirs par palette : 4<\/li>\n<\/ul>\n","protected":false},"excerpt":{"rendered":"<p>Convient pour tous les barbecues \u00e0 charbon, \u00e0 gaz et  [&#8230;]<\/p>\n","protected":false},"featured_media":2226,"comment_status":"open","ping_status":"closed","template":"","meta":[],"product_brand":[],"product_cat":[99],"product_tag":[],"class_list":{"0":"post-2457","1":"product","2":"type-product","3":"status-publish","4":"has-post-thumbnail","6":"product_cat-accessoires-de-barbecue","8":"first","9":"instock","10":"shipping-taxable","11":"product-type-simple"},"_links":{"self":[{"href":"https:\/\/www.alschu.de\/fr\/wp-json\/wp\/v2\/product\/2457","targetHints":{"allow":["GET"]}}],"collection":[{"href":"https:\/\/www.alschu.de\/fr\/wp-json\/wp\/v2\/product"}],"about":[{"href":"https:\/\/www.alschu.de\/fr\/wp-json\/wp\/v2\/types\/product"}],"replies":[{"embeddable":true,"href":"https:\/\/www.alschu.de\/fr\/wp-json\/wp\/v2\/comments?post=2457"}],"wp:featuredmedia":[{"embeddable":true,"href":"https:\/\/www.alschu.de\/fr\/wp-json\/wp\/v2\/media\/2226"}],"wp:attachment":[{"href":"https:\/\/www.alschu.de\/fr\/wp-json\/wp\/v2\/media?parent=2457"}],"wp:term":[{"taxonomy":"product_brand","embeddable":true,"href":"https:\/\/www.alschu.de\/fr\/wp-json\/wp\/v2\/product_brand?post=2457"},{"taxonomy":"product_cat","embeddable":true,"href":"https:\/\/www.alschu.de\/fr\/wp-json\/wp\/v2\/product_cat?post=2457"},{"taxonomy":"product_tag","embeddable":true,"href":"https:\/\/www.alschu.de\/fr\/wp-json\/wp\/v2\/product_tag?post=2457"}],"curies":[{"name":"wp","href":"https:\/\/api.w.org\/{rel}","templated":true}]}}