{"id":2461,"date":"2024-11-14T08:02:56","date_gmt":"2024-11-14T08:02:56","guid":{"rendered":"https:\/\/www.alschu.de\/produkt\/meches-de-remplacement-favorit-pour-lampes-de-table-lot-de-4"},"modified":"2025-05-04T10:59:24","modified_gmt":"2025-05-04T10:59:24","slug":"favorit-meches-de-rechange-pour-lampes-de-table-lot-de-4","status":"publish","type":"product","link":"https:\/\/www.alschu.de\/fr\/produkt\/favorit-meches-de-rechange-pour-lampes-de-table-lot-de-4\/","title":{"rendered":"FAVORIT M\u00e8ches de rechange pour lampes de table, lot de 4"},"content":{"rendered":"<p><strong>M\u00e8ches rondes pour lampes de table. Diam\u00e8tre : 6 mm. <\/strong><\/p>\n<ul>\n<li>4 pi\u00e8ces\/paquet<\/li>\n<li>Unit\u00e9 de vente : 24<\/li>\n<li>UE\/Palette : 384<\/li>\n<\/ul>\n","protected":false},"excerpt":{"rendered":"<p>M\u00e8ches rondes pour lampes de table. Diam\u00e8tre : 6 mm.  [&#8230;]<\/p>\n","protected":false},"featured_media":2160,"comment_status":"open","ping_status":"closed","template":"","meta":[],"product_brand":[],"product_cat":[115,124],"product_tag":[],"class_list":{"0":"post-2461","1":"product","2":"type-product","3":"status-publish","4":"has-post-thumbnail","6":"product_cat-accessoires-de-fete","7":"product_cat-meches","9":"first","10":"instock","11":"shipping-taxable","12":"product-type-simple"},"_links":{"self":[{"href":"https:\/\/www.alschu.de\/fr\/wp-json\/wp\/v2\/product\/2461","targetHints":{"allow":["GET"]}}],"collection":[{"href":"https:\/\/www.alschu.de\/fr\/wp-json\/wp\/v2\/product"}],"about":[{"href":"https:\/\/www.alschu.de\/fr\/wp-json\/wp\/v2\/types\/product"}],"replies":[{"embeddable":true,"href":"https:\/\/www.alschu.de\/fr\/wp-json\/wp\/v2\/comments?post=2461"}],"wp:featuredmedia":[{"embeddable":true,"href":"https:\/\/www.alschu.de\/fr\/wp-json\/wp\/v2\/media\/2160"}],"wp:attachment":[{"href":"https:\/\/www.alschu.de\/fr\/wp-json\/wp\/v2\/media?parent=2461"}],"wp:term":[{"taxonomy":"product_brand","embeddable":true,"href":"https:\/\/www.alschu.de\/fr\/wp-json\/wp\/v2\/product_brand?post=2461"},{"taxonomy":"product_cat","embeddable":true,"href":"https:\/\/www.alschu.de\/fr\/wp-json\/wp\/v2\/product_cat?post=2461"},{"taxonomy":"product_tag","embeddable":true,"href":"https:\/\/www.alschu.de\/fr\/wp-json\/wp\/v2\/product_tag?post=2461"}],"curies":[{"name":"wp","href":"https:\/\/api.w.org\/{rel}","templated":true}]}}