{"id":2465,"date":"2024-11-14T08:01:39","date_gmt":"2024-11-14T08:01:39","guid":{"rendered":"https:\/\/www.alschu.de\/produkt\/favorit-torche-a-main-bleue-et-blanche-lot-de-3"},"modified":"2025-05-04T11:02:24","modified_gmt":"2025-05-04T11:02:24","slug":"favorit-flambeaux-a-main-bleu-et-blanc-lot-de-3","status":"publish","type":"product","link":"https:\/\/www.alschu.de\/fr\/produkt\/favorit-flambeaux-a-main-bleu-et-blanc-lot-de-3\/","title":{"rendered":"FAVORIT Flambeaux \u00e0 main bleu et blanc, <br>lot de 3"},"content":{"rendered":"<p><strong>Torche en coton impr\u00e9gn\u00e9e de cire de haute qualit\u00e9, avec manche en bois et protection pour la main, id\u00e9ale pour le jardin, le r\u00e9veillon du Nouvel An et les d\u00e9fil\u00e9s. Dur\u00e9e de combustion : environ 1 heure, longueur approximative 40 cm. <\/strong><\/p>\n<ul>\n<li>Longueur : 40 cm<\/li>\n<li>Couleur : Bleu et blanc<\/li>\n<li>3 pi\u00e8ces\/paquet<\/li>\n<li>UE : 12<\/li>\n<li>Unit\u00e9 d&#8217;emballage\/palette : 40<\/li>\n<\/ul>\n","protected":false},"excerpt":{"rendered":"<p>Torche en coton impr\u00e9gn\u00e9e de cire de haute qualit\u00e9, avec  [&#8230;]<\/p>\n","protected":false},"featured_media":2152,"comment_status":"open","ping_status":"closed","template":"","meta":[],"product_brand":[],"product_cat":[115,128],"product_tag":[],"class_list":{"0":"post-2465","1":"product","2":"type-product","3":"status-publish","4":"has-post-thumbnail","6":"product_cat-accessoires-de-fete","7":"product_cat-torches-fr","9":"first","10":"instock","11":"shipping-taxable","12":"product-type-simple"},"_links":{"self":[{"href":"https:\/\/www.alschu.de\/fr\/wp-json\/wp\/v2\/product\/2465","targetHints":{"allow":["GET"]}}],"collection":[{"href":"https:\/\/www.alschu.de\/fr\/wp-json\/wp\/v2\/product"}],"about":[{"href":"https:\/\/www.alschu.de\/fr\/wp-json\/wp\/v2\/types\/product"}],"replies":[{"embeddable":true,"href":"https:\/\/www.alschu.de\/fr\/wp-json\/wp\/v2\/comments?post=2465"}],"wp:featuredmedia":[{"embeddable":true,"href":"https:\/\/www.alschu.de\/fr\/wp-json\/wp\/v2\/media\/2152"}],"wp:attachment":[{"href":"https:\/\/www.alschu.de\/fr\/wp-json\/wp\/v2\/media?parent=2465"}],"wp:term":[{"taxonomy":"product_brand","embeddable":true,"href":"https:\/\/www.alschu.de\/fr\/wp-json\/wp\/v2\/product_brand?post=2465"},{"taxonomy":"product_cat","embeddable":true,"href":"https:\/\/www.alschu.de\/fr\/wp-json\/wp\/v2\/product_cat?post=2465"},{"taxonomy":"product_tag","embeddable":true,"href":"https:\/\/www.alschu.de\/fr\/wp-json\/wp\/v2\/product_tag?post=2465"}],"curies":[{"name":"wp","href":"https:\/\/api.w.org\/{rel}","templated":true}]}}