{"id":2469,"date":"2024-11-14T08:00:44","date_gmt":"2024-11-14T08:00:44","guid":{"rendered":"https:\/\/www.alschu.de\/produkt\/torche-a-main-favorit-noire-70-cm-lot-de-2"},"modified":"2025-05-04T10:16:13","modified_gmt":"2025-05-04T10:16:13","slug":"torche-a-main-favorit-noire-70-cm-lot-de-2","status":"publish","type":"product","link":"https:\/\/www.alschu.de\/fr\/produkt\/torche-a-main-favorit-noire-70-cm-lot-de-2\/","title":{"rendered":"FAVORIT Torche \u00e0 main noire, 70 cm, lot de 2"},"content":{"rendered":"<p><strong>Torche en coton impr\u00e9gn\u00e9e de cire de haute qualit\u00e9, avec manche en bois et protection pour la main, id\u00e9ale pour le jardin, le r\u00e9veillon du Nouvel An et les d\u00e9fil\u00e9s. Dur\u00e9e de combustion : environ 1 heure, longueur approximative 40 cm. <\/strong><\/p>\n<ul>\n<li>Longueur : 70 cm<\/li>\n<li>Couleur : Noir<\/li>\n<li>2 pi\u00e8ces par paquet<\/li>\n<li>UE : 12<\/li>\n<li>Unit\u00e9s de vente par palette : 50<\/li>\n<\/ul>\n","protected":false},"excerpt":{"rendered":"<p>Torche en coton impr\u00e9gn\u00e9e de cire de haute qualit\u00e9, avec  [&#8230;]<\/p>\n","protected":false},"featured_media":2146,"comment_status":"open","ping_status":"closed","template":"","meta":[],"product_brand":[],"product_cat":[115,128],"product_tag":[],"class_list":{"0":"post-2469","1":"product","2":"type-product","3":"status-publish","4":"has-post-thumbnail","6":"product_cat-accessoires-de-fete","7":"product_cat-torches-fr","9":"first","10":"instock","11":"shipping-taxable","12":"product-type-simple"},"_links":{"self":[{"href":"https:\/\/www.alschu.de\/fr\/wp-json\/wp\/v2\/product\/2469","targetHints":{"allow":["GET"]}}],"collection":[{"href":"https:\/\/www.alschu.de\/fr\/wp-json\/wp\/v2\/product"}],"about":[{"href":"https:\/\/www.alschu.de\/fr\/wp-json\/wp\/v2\/types\/product"}],"replies":[{"embeddable":true,"href":"https:\/\/www.alschu.de\/fr\/wp-json\/wp\/v2\/comments?post=2469"}],"wp:featuredmedia":[{"embeddable":true,"href":"https:\/\/www.alschu.de\/fr\/wp-json\/wp\/v2\/media\/2146"}],"wp:attachment":[{"href":"https:\/\/www.alschu.de\/fr\/wp-json\/wp\/v2\/media?parent=2469"}],"wp:term":[{"taxonomy":"product_brand","embeddable":true,"href":"https:\/\/www.alschu.de\/fr\/wp-json\/wp\/v2\/product_brand?post=2469"},{"taxonomy":"product_cat","embeddable":true,"href":"https:\/\/www.alschu.de\/fr\/wp-json\/wp\/v2\/product_cat?post=2469"},{"taxonomy":"product_tag","embeddable":true,"href":"https:\/\/www.alschu.de\/fr\/wp-json\/wp\/v2\/product_tag?post=2469"}],"curies":[{"name":"wp","href":"https:\/\/api.w.org\/{rel}","templated":true}]}}