{"id":2475,"date":"2024-11-14T07:58:33","date_gmt":"2024-11-14T07:58:33","guid":{"rendered":"https:\/\/www.alschu.de\/produkt\/torches-en-cire-et-de-jardin-favorit-torsadees-lot-de-3"},"modified":"2025-05-04T10:59:36","modified_gmt":"2025-05-04T10:59:36","slug":"favorit-torches-en-cire-et-de-jardin-torsadees-3-pieces","status":"publish","type":"product","link":"https:\/\/www.alschu.de\/fr\/produkt\/favorit-torches-en-cire-et-de-jardin-torsadees-3-pieces\/","title":{"rendered":"FAVORIT Torches en cire et de jardin torsad\u00e9es, <br>3 pi\u00e8ces"},"content":{"rendered":"<p><strong>Torche de jardin torsad\u00e9e \u00e0 la main en cire parfum\u00e9e \u00e0 la citronnelle, disponible en trois coloris (bleu, rouge, jaune). Hauteur approximative de 70 cm. Dur\u00e9e de combustion : environ 1,5 heure. <\/strong><\/p>\n<ul>\n<li>Hauteur : 70 cm<\/li>\n<li>Parfum : Citronnelle<\/li>\n<li>3 pi\u00e8ces\/paquet<\/li>\n<li>Unit\u00e9 de vente : 30<\/li>\n<li>Unit\u00e9s d&#8217;emballage par palette : 35<\/li>\n<\/ul>\n","protected":false},"excerpt":{"rendered":"<p>Torche de jardin torsad\u00e9e \u00e0 la main en cire parfum\u00e9e  [&#8230;]<\/p>\n","protected":false},"featured_media":2138,"comment_status":"open","ping_status":"closed","template":"","meta":[],"product_brand":[],"product_cat":[115,128],"product_tag":[],"class_list":{"0":"post-2475","1":"product","2":"type-product","3":"status-publish","4":"has-post-thumbnail","6":"product_cat-accessoires-de-fete","7":"product_cat-torches-fr","9":"first","10":"instock","11":"shipping-taxable","12":"product-type-simple"},"_links":{"self":[{"href":"https:\/\/www.alschu.de\/fr\/wp-json\/wp\/v2\/product\/2475","targetHints":{"allow":["GET"]}}],"collection":[{"href":"https:\/\/www.alschu.de\/fr\/wp-json\/wp\/v2\/product"}],"about":[{"href":"https:\/\/www.alschu.de\/fr\/wp-json\/wp\/v2\/types\/product"}],"replies":[{"embeddable":true,"href":"https:\/\/www.alschu.de\/fr\/wp-json\/wp\/v2\/comments?post=2475"}],"wp:featuredmedia":[{"embeddable":true,"href":"https:\/\/www.alschu.de\/fr\/wp-json\/wp\/v2\/media\/2138"}],"wp:attachment":[{"href":"https:\/\/www.alschu.de\/fr\/wp-json\/wp\/v2\/media?parent=2475"}],"wp:term":[{"taxonomy":"product_brand","embeddable":true,"href":"https:\/\/www.alschu.de\/fr\/wp-json\/wp\/v2\/product_brand?post=2475"},{"taxonomy":"product_cat","embeddable":true,"href":"https:\/\/www.alschu.de\/fr\/wp-json\/wp\/v2\/product_cat?post=2475"},{"taxonomy":"product_tag","embeddable":true,"href":"https:\/\/www.alschu.de\/fr\/wp-json\/wp\/v2\/product_tag?post=2475"}],"curies":[{"name":"wp","href":"https:\/\/api.w.org\/{rel}","templated":true}]}}