{"id":2476,"date":"2024-11-14T07:59:06","date_gmt":"2024-11-14T07:59:06","guid":{"rendered":"https:\/\/www.alschu.de\/produkt\/plats-de-cuisson-rectangulaires-en-aluminium-favorit-lot-de-5-pieces"},"modified":"2025-05-04T10:51:57","modified_gmt":"2025-05-04T10:51:57","slug":"favorit-poeles-a-griller-en-aluminium-rectangulaires-lot-de-5","status":"publish","type":"product","link":"https:\/\/www.alschu.de\/fr\/produkt\/favorit-poeles-a-griller-en-aluminium-rectangulaires-lot-de-5\/","title":{"rendered":"FAVORIT Po\u00eales \u00e0 griller en aluminium rectangulaires, lot de 5"},"content":{"rendered":"<p><strong>Convient pour tous les barbecues \u00e0 charbon, \u00e0 gaz et \u00e9lectriques. Dimensions : 34 cm x 22 cm. <\/strong><\/p>\n<ul>\n<li>5 pi\u00e8ces par paquet<\/li>\n<li>UE : 20<\/li>\n<li>Unit\u00e9s d&#8217;emballage par palette : 35<\/li>\n<\/ul>\n","protected":false},"excerpt":{"rendered":"<p>Convient pour tous les barbecues \u00e0 charbon, \u00e0 gaz et  [&#8230;]<\/p>\n","protected":false},"featured_media":2140,"comment_status":"open","ping_status":"closed","template":"","meta":[],"product_brand":[],"product_cat":[99],"product_tag":[],"class_list":{"0":"post-2476","1":"product","2":"type-product","3":"status-publish","4":"has-post-thumbnail","6":"product_cat-accessoires-de-barbecue","8":"first","9":"instock","10":"shipping-taxable","11":"product-type-simple"},"_links":{"self":[{"href":"https:\/\/www.alschu.de\/fr\/wp-json\/wp\/v2\/product\/2476","targetHints":{"allow":["GET"]}}],"collection":[{"href":"https:\/\/www.alschu.de\/fr\/wp-json\/wp\/v2\/product"}],"about":[{"href":"https:\/\/www.alschu.de\/fr\/wp-json\/wp\/v2\/types\/product"}],"replies":[{"embeddable":true,"href":"https:\/\/www.alschu.de\/fr\/wp-json\/wp\/v2\/comments?post=2476"}],"wp:featuredmedia":[{"embeddable":true,"href":"https:\/\/www.alschu.de\/fr\/wp-json\/wp\/v2\/media\/2140"}],"wp:attachment":[{"href":"https:\/\/www.alschu.de\/fr\/wp-json\/wp\/v2\/media?parent=2476"}],"wp:term":[{"taxonomy":"product_brand","embeddable":true,"href":"https:\/\/www.alschu.de\/fr\/wp-json\/wp\/v2\/product_brand?post=2476"},{"taxonomy":"product_cat","embeddable":true,"href":"https:\/\/www.alschu.de\/fr\/wp-json\/wp\/v2\/product_cat?post=2476"},{"taxonomy":"product_tag","embeddable":true,"href":"https:\/\/www.alschu.de\/fr\/wp-json\/wp\/v2\/product_tag?post=2476"}],"curies":[{"name":"wp","href":"https:\/\/api.w.org\/{rel}","templated":true}]}}