{"id":2477,"date":"2024-11-14T07:57:40","date_gmt":"2024-11-14T07:57:40","guid":{"rendered":"https:\/\/www.alschu.de\/produkt\/torche-en-bambou-favorit-120-cm"},"modified":"2025-05-04T10:58:49","modified_gmt":"2025-05-04T10:58:49","slug":"favorit-torche-en-bambou-120-cm","status":"publish","type":"product","link":"https:\/\/www.alschu.de\/fr\/produkt\/favorit-torche-en-bambou-120-cm\/","title":{"rendered":"FAVORIT Torche en bambou 120 cm"},"content":{"rendered":"<p><strong>Le classique parmi les torches de jardin. Torche en bambou, naturelle, d&rsquo;environ 120 cm. Avec un r\u00e9servoir de 500 ml \u00e0 remplir d&rsquo;huile lampante. Fermeture s\u00e9curis\u00e9e pour enfants conforme \u00e0 la norme EN 14059. <\/strong><\/p>\n<ul>\n<li>120 cm<\/li>\n<li>Unit\u00e9 de vente : 24<\/li>\n<li>Unit\u00e9 d&#8217;emballage\/Palette : 18<\/li>\n<\/ul>\n","protected":false},"excerpt":{"rendered":"<p>Le classique parmi les torches de jardin. Torche en bambou,  [&#8230;]<\/p>\n","protected":false},"featured_media":2128,"comment_status":"open","ping_status":"closed","template":"","meta":[],"product_brand":[],"product_cat":[115,116],"product_tag":[],"class_list":{"0":"post-2477","1":"product","2":"type-product","3":"status-publish","4":"has-post-thumbnail","6":"product_cat-accessoires-de-fete","7":"product_cat-torches-en-bambou","9":"first","10":"instock","11":"shipping-taxable","12":"product-type-simple"},"_links":{"self":[{"href":"https:\/\/www.alschu.de\/fr\/wp-json\/wp\/v2\/product\/2477","targetHints":{"allow":["GET"]}}],"collection":[{"href":"https:\/\/www.alschu.de\/fr\/wp-json\/wp\/v2\/product"}],"about":[{"href":"https:\/\/www.alschu.de\/fr\/wp-json\/wp\/v2\/types\/product"}],"replies":[{"embeddable":true,"href":"https:\/\/www.alschu.de\/fr\/wp-json\/wp\/v2\/comments?post=2477"}],"wp:featuredmedia":[{"embeddable":true,"href":"https:\/\/www.alschu.de\/fr\/wp-json\/wp\/v2\/media\/2128"}],"wp:attachment":[{"href":"https:\/\/www.alschu.de\/fr\/wp-json\/wp\/v2\/media?parent=2477"}],"wp:term":[{"taxonomy":"product_brand","embeddable":true,"href":"https:\/\/www.alschu.de\/fr\/wp-json\/wp\/v2\/product_brand?post=2477"},{"taxonomy":"product_cat","embeddable":true,"href":"https:\/\/www.alschu.de\/fr\/wp-json\/wp\/v2\/product_cat?post=2477"},{"taxonomy":"product_tag","embeddable":true,"href":"https:\/\/www.alschu.de\/fr\/wp-json\/wp\/v2\/product_tag?post=2477"}],"curies":[{"name":"wp","href":"https:\/\/api.w.org\/{rel}","templated":true}]}}