{"id":2481,"date":"2024-11-14T07:41:49","date_gmt":"2024-11-14T07:41:49","guid":{"rendered":"https:\/\/www.alschu.de\/produkt\/alcool-a-bruler-favorit-flacon-de-1l"},"modified":"2025-05-04T10:32:14","modified_gmt":"2025-05-04T10:32:14","slug":"favorit-alcool-a-bruler-bouteille-de-1-l","status":"publish","type":"product","link":"https:\/\/www.alschu.de\/fr\/produkt\/favorit-alcool-a-bruler-bouteille-de-1-l\/","title":{"rendered":"FAVORIT Alcool \u00e0 br\u00fbler <br> Bouteille de 1 L"},"content":{"rendered":"<p><strong>Alcool \u00e0 br\u00fbler contenant environ 96 % de bio\u00e9thanol, destin\u00e9 \u00e0 un usage domestique, automobile, de bricolage et de loisirs.<\/strong><\/p>\n<ul>\n<li>1000 ml\/flacon<\/li>\n<li>UE : 12<\/li>\n<li>Unit\u00e9s\/palette : 60<\/li>\n<\/ul>\n<p><img decoding=\"async\" class=\"alignnone size-full wp-image-610\" src=\"https:\/\/www.alschu.de\/wp-content\/uploads\/2024\/07\/icon_nachwachselnderohstoffe.png\" alt=\"Ic\u00f4ne de mati\u00e8res premi\u00e8res renouvelables\" width=\"90\" height=\"90\" srcset=\"https:\/\/www.alschu.de\/wp-content\/uploads\/2024\/07\/icon_nachwachselnderohstoffe-66x66.png 66w, https:\/\/www.alschu.de\/wp-content\/uploads\/2024\/07\/icon_nachwachselnderohstoffe.png 90w\" sizes=\"(max-width: 90px) 100vw, 90px\" \/> <img decoding=\"async\" class=\"alignnone wp-image-1451\" src=\"https:\/\/www.alschu.de\/wp-content\/uploads\/2025\/02\/favorit_made_in_germany.png\" alt=\"\" width=\"90\" height=\"90\" srcset=\"https:\/\/www.alschu.de\/wp-content\/uploads\/2025\/02\/favorit_made_in_germany-66x66.png 66w, https:\/\/www.alschu.de\/wp-content\/uploads\/2025\/02\/favorit_made_in_germany-150x150.png 150w, https:\/\/www.alschu.de\/wp-content\/uploads\/2025\/02\/favorit_made_in_germany-200x200.png 200w, https:\/\/www.alschu.de\/wp-content\/uploads\/2025\/02\/favorit_made_in_germany-300x300.png 300w, https:\/\/www.alschu.de\/wp-content\/uploads\/2025\/02\/favorit_made_in_germany-400x400.png 400w, https:\/\/www.alschu.de\/wp-content\/uploads\/2025\/02\/favorit_made_in_germany-500x500.png 500w, https:\/\/www.alschu.de\/wp-content\/uploads\/2025\/02\/favorit_made_in_germany-600x600.png 600w, https:\/\/www.alschu.de\/wp-content\/uploads\/2025\/02\/favorit_made_in_germany-700x700.png 700w, https:\/\/www.alschu.de\/wp-content\/uploads\/2025\/02\/favorit_made_in_germany-768x768.png 768w, https:\/\/www.alschu.de\/wp-content\/uploads\/2025\/02\/favorit_made_in_germany-800x800.png 800w, https:\/\/www.alschu.de\/wp-content\/uploads\/2025\/02\/favorit_made_in_germany-1024x1024.png 1024w, https:\/\/www.alschu.de\/wp-content\/uploads\/2025\/02\/favorit_made_in_germany.png 1128w\" sizes=\"(max-width: 90px) 100vw, 90px\" \/><\/p>\n<p><a href=\"https:\/\/www.alschu.de\/wp-content\/uploads\/2025\/02\/Datenblatt-Spiritus-favorit-1270.pdf\" target=\"_blank\" rel=\"noopener\">Fiche de donn\u00e9es pour le public<\/a><\/p>\n","protected":false},"excerpt":{"rendered":"<p>Alcool \u00e0 br\u00fbler contenant environ 96 % de bio\u00e9thanol, destin\u00e9  [&#8230;]<\/p>\n","protected":false},"featured_media":2062,"comment_status":"open","ping_status":"closed","template":"","meta":[],"product_brand":[],"product_cat":[135,133],"product_tag":[],"class_list":{"0":"post-2481","1":"product","2":"type-product","3":"status-publish","4":"has-post-thumbnail","6":"product_cat-alcool-a-bruler","7":"product_cat-pate-combustible-et-alcool-a-bruler","9":"first","10":"instock","11":"shipping-taxable","12":"product-type-simple"},"_links":{"self":[{"href":"https:\/\/www.alschu.de\/fr\/wp-json\/wp\/v2\/product\/2481","targetHints":{"allow":["GET"]}}],"collection":[{"href":"https:\/\/www.alschu.de\/fr\/wp-json\/wp\/v2\/product"}],"about":[{"href":"https:\/\/www.alschu.de\/fr\/wp-json\/wp\/v2\/types\/product"}],"replies":[{"embeddable":true,"href":"https:\/\/www.alschu.de\/fr\/wp-json\/wp\/v2\/comments?post=2481"}],"wp:featuredmedia":[{"embeddable":true,"href":"https:\/\/www.alschu.de\/fr\/wp-json\/wp\/v2\/media\/2062"}],"wp:attachment":[{"href":"https:\/\/www.alschu.de\/fr\/wp-json\/wp\/v2\/media?parent=2481"}],"wp:term":[{"taxonomy":"product_brand","embeddable":true,"href":"https:\/\/www.alschu.de\/fr\/wp-json\/wp\/v2\/product_brand?post=2481"},{"taxonomy":"product_cat","embeddable":true,"href":"https:\/\/www.alschu.de\/fr\/wp-json\/wp\/v2\/product_cat?post=2481"},{"taxonomy":"product_tag","embeddable":true,"href":"https:\/\/www.alschu.de\/fr\/wp-json\/wp\/v2\/product_tag?post=2481"}],"curies":[{"name":"wp","href":"https:\/\/api.w.org\/{rel}","templated":true}]}}