{"id":2482,"date":"2024-11-14T07:42:16","date_gmt":"2024-11-14T07:42:16","guid":{"rendered":"https:\/\/www.alschu.de\/produkt\/spirale-deconomie-de-petrole-favorit-pour-poeles-a-petrole"},"modified":"2025-05-04T10:49:35","modified_gmt":"2025-05-04T10:49:35","slug":"favorit-spirale-deconomie-de-petrole-pour-poeles-a-petrole","status":"publish","type":"product","link":"https:\/\/www.alschu.de\/fr\/produkt\/favorit-spirale-deconomie-de-petrole-pour-poeles-a-petrole\/","title":{"rendered":"FAVORIT Spirale d&rsquo;\u00e9conomie de p\u00e9trole pour po\u00eales \u00e0 p\u00e9trole"},"content":{"rendered":"<p><strong>La spirale incandescente \u00e9conomiseur de p\u00e9trole pour po\u00eales \u00e0 p\u00e9trole r\u00e9duit la consommation de p\u00e9trole et augmente la puissance de chauffage.<\/strong><\/p>\n<ul>\n<li>1 spirale\/emballage<\/li>\n<li>UE : 20<\/li>\n<li>Unit\u00e9s\/palette : 60<\/li>\n<\/ul>\n","protected":false},"excerpt":{"rendered":"<p>La spirale incandescente \u00e9conomiseur de p\u00e9trole pour po\u00eales \u00e0 p\u00e9trole  [&#8230;]<\/p>\n","protected":false},"featured_media":2178,"comment_status":"open","ping_status":"closed","template":"","meta":[],"product_brand":[],"product_cat":[91,132],"product_tag":[],"class_list":{"0":"post-2482","1":"product","2":"type-product","3":"status-publish","4":"has-post-thumbnail","6":"product_cat-accessoires-pour-poeles","7":"product_cat-economiseurs-dhuile","9":"first","10":"instock","11":"shipping-taxable","12":"product-type-simple"},"_links":{"self":[{"href":"https:\/\/www.alschu.de\/fr\/wp-json\/wp\/v2\/product\/2482","targetHints":{"allow":["GET"]}}],"collection":[{"href":"https:\/\/www.alschu.de\/fr\/wp-json\/wp\/v2\/product"}],"about":[{"href":"https:\/\/www.alschu.de\/fr\/wp-json\/wp\/v2\/types\/product"}],"replies":[{"embeddable":true,"href":"https:\/\/www.alschu.de\/fr\/wp-json\/wp\/v2\/comments?post=2482"}],"wp:featuredmedia":[{"embeddable":true,"href":"https:\/\/www.alschu.de\/fr\/wp-json\/wp\/v2\/media\/2178"}],"wp:attachment":[{"href":"https:\/\/www.alschu.de\/fr\/wp-json\/wp\/v2\/media?parent=2482"}],"wp:term":[{"taxonomy":"product_brand","embeddable":true,"href":"https:\/\/www.alschu.de\/fr\/wp-json\/wp\/v2\/product_brand?post=2482"},{"taxonomy":"product_cat","embeddable":true,"href":"https:\/\/www.alschu.de\/fr\/wp-json\/wp\/v2\/product_cat?post=2482"},{"taxonomy":"product_tag","embeddable":true,"href":"https:\/\/www.alschu.de\/fr\/wp-json\/wp\/v2\/product_tag?post=2482"}],"curies":[{"name":"wp","href":"https:\/\/api.w.org\/{rel}","templated":true}]}}