{"id":2485,"date":"2024-11-14T07:42:45","date_gmt":"2024-11-14T07:42:45","guid":{"rendered":"https:\/\/www.alschu.de\/produkt\/pot-a-spirales-anti-insectes-favorit-citronella"},"modified":"2025-05-04T11:00:36","modified_gmt":"2025-05-04T11:00:36","slug":"favorit-pot-pour-spirales-anti-insectes-citronella","status":"publish","type":"product","link":"https:\/\/www.alschu.de\/fr\/produkt\/favorit-pot-pour-spirales-anti-insectes-citronella\/","title":{"rendered":"FAVORIT Pot pour spirales anti-insectes Citronella"},"content":{"rendered":"<p>Pour une combustion sans danger. La fum\u00e9e s&rsquo;\u00e9chappe par des ouvertures sp\u00e9ciales. Inclus 2 spirales avec Citronella.<\/p>\n<ul>\n<li>UE : 12<\/li>\n<li>Unit\u00e9s\/palette : 60<\/li>\n<\/ul>\n","protected":false},"excerpt":{"rendered":"<p>Pour une combustion sans danger. La fum\u00e9e s&rsquo;\u00e9chappe par des  [&#8230;]<\/p>\n","protected":false},"featured_media":2210,"comment_status":"open","ping_status":"closed","template":"","meta":[],"product_brand":[],"product_cat":[115,134],"product_tag":[],"class_list":{"0":"post-2485","1":"product","2":"type-product","3":"status-publish","4":"has-post-thumbnail","6":"product_cat-accessoires-de-fete","7":"product_cat-protection-contre-les-insectes","9":"first","10":"instock","11":"shipping-taxable","12":"product-type-simple"},"_links":{"self":[{"href":"https:\/\/www.alschu.de\/fr\/wp-json\/wp\/v2\/product\/2485","targetHints":{"allow":["GET"]}}],"collection":[{"href":"https:\/\/www.alschu.de\/fr\/wp-json\/wp\/v2\/product"}],"about":[{"href":"https:\/\/www.alschu.de\/fr\/wp-json\/wp\/v2\/types\/product"}],"replies":[{"embeddable":true,"href":"https:\/\/www.alschu.de\/fr\/wp-json\/wp\/v2\/comments?post=2485"}],"wp:featuredmedia":[{"embeddable":true,"href":"https:\/\/www.alschu.de\/fr\/wp-json\/wp\/v2\/media\/2210"}],"wp:attachment":[{"href":"https:\/\/www.alschu.de\/fr\/wp-json\/wp\/v2\/media?parent=2485"}],"wp:term":[{"taxonomy":"product_brand","embeddable":true,"href":"https:\/\/www.alschu.de\/fr\/wp-json\/wp\/v2\/product_brand?post=2485"},{"taxonomy":"product_cat","embeddable":true,"href":"https:\/\/www.alschu.de\/fr\/wp-json\/wp\/v2\/product_cat?post=2485"},{"taxonomy":"product_tag","embeddable":true,"href":"https:\/\/www.alschu.de\/fr\/wp-json\/wp\/v2\/product_tag?post=2485"}],"curies":[{"name":"wp","href":"https:\/\/api.w.org\/{rel}","templated":true}]}}