{"id":2486,"date":"2024-11-14T07:43:43","date_gmt":"2024-11-14T07:43:43","guid":{"rendered":"https:\/\/www.alschu.de\/produkt\/spirales-anti-insectes-favorit-citronnelle-10-pieces"},"modified":"2025-05-04T11:00:26","modified_gmt":"2025-05-04T11:00:26","slug":"favorit-spirales-anti-insectes-a-la-citronnelle-lot-de-10","status":"publish","type":"product","link":"https:\/\/www.alschu.de\/fr\/produkt\/favorit-spirales-anti-insectes-a-la-citronnelle-lot-de-10\/","title":{"rendered":"FAVORIT Spirales anti-insectes \u00e0 la citronnelle, lot de 10"},"content":{"rendered":"<p><strong>Avec ingr\u00e9dient citronnelle, 2 supports inclus. Dur\u00e9e de combustion d&rsquo;environ 6 heures. <\/strong><\/p>\n<ul>\n<li>Unit\u00e9 de vente : 10 pi\u00e8ces\/paquet<\/li>\n<li>Unit\u00e9 de vente : 24<\/li>\n<li>Unit\u00e9s\/Palette : 120<\/li>\n<\/ul>\n","protected":false},"excerpt":{"rendered":"<p>Avec ingr\u00e9dient citronnelle, 2 supports inclus. Dur\u00e9e de combustion d&rsquo;environ  [&#8230;]<\/p>\n","protected":false},"featured_media":2208,"comment_status":"open","ping_status":"closed","template":"","meta":[],"product_brand":[],"product_cat":[115,134],"product_tag":[],"class_list":{"0":"post-2486","1":"product","2":"type-product","3":"status-publish","4":"has-post-thumbnail","6":"product_cat-accessoires-de-fete","7":"product_cat-protection-contre-les-insectes","9":"first","10":"instock","11":"shipping-taxable","12":"product-type-simple"},"_links":{"self":[{"href":"https:\/\/www.alschu.de\/fr\/wp-json\/wp\/v2\/product\/2486","targetHints":{"allow":["GET"]}}],"collection":[{"href":"https:\/\/www.alschu.de\/fr\/wp-json\/wp\/v2\/product"}],"about":[{"href":"https:\/\/www.alschu.de\/fr\/wp-json\/wp\/v2\/types\/product"}],"replies":[{"embeddable":true,"href":"https:\/\/www.alschu.de\/fr\/wp-json\/wp\/v2\/comments?post=2486"}],"wp:featuredmedia":[{"embeddable":true,"href":"https:\/\/www.alschu.de\/fr\/wp-json\/wp\/v2\/media\/2208"}],"wp:attachment":[{"href":"https:\/\/www.alschu.de\/fr\/wp-json\/wp\/v2\/media?parent=2486"}],"wp:term":[{"taxonomy":"product_brand","embeddable":true,"href":"https:\/\/www.alschu.de\/fr\/wp-json\/wp\/v2\/product_brand?post=2486"},{"taxonomy":"product_cat","embeddable":true,"href":"https:\/\/www.alschu.de\/fr\/wp-json\/wp\/v2\/product_cat?post=2486"},{"taxonomy":"product_tag","embeddable":true,"href":"https:\/\/www.alschu.de\/fr\/wp-json\/wp\/v2\/product_tag?post=2486"}],"curies":[{"name":"wp","href":"https:\/\/api.w.org\/{rel}","templated":true}]}}