{"id":2494,"date":"2024-11-14T07:47:03","date_gmt":"2024-11-14T07:47:03","guid":{"rendered":"https:\/\/www.alschu.de\/produkt\/favorit-feu-suedois-oe-22-cm-hauteur-23-cm"},"modified":"2025-05-04T10:16:53","modified_gmt":"2025-05-04T10:16:53","slug":"favorit-feu-suedois-oe-22-cm-hauteur-23-cm","status":"publish","type":"product","link":"https:\/\/www.alschu.de\/fr\/produkt\/favorit-feu-suedois-oe-22-cm-hauteur-23-cm\/","title":{"rendered":"FAVORIT Feu su\u00e9dois <br>\u00f8 22 cm, hauteur 23 cm"},"content":{"rendered":"<p><strong>Bois \u00e9corc\u00e9 et s\u00e9ch\u00e9 en chambre avec d&rsquo;excellentes propri\u00e9t\u00e9s de combustion et une poign\u00e9e de transport pratique. Inclus Allume-feu en laine de bois. <\/strong><\/p>\n<ul>\n<li>Dur\u00e9e de combustion : environ 2 heures<\/li>\n<li>Diam\u00e8tre : 22 cm<\/li>\n<li>Dimensions : 22 x 23 cm<\/li>\n<li>UE\/Palette : 175<\/li>\n<\/ul>\n<p><img decoding=\"async\" class=\"alignnone wp-image-611\" src=\"https:\/\/www.alschu.de\/wp-content\/uploads\/2024\/07\/icon_fsc.png\" alt=\"Ic\u00f4ne FSC\" width=\"59\" height=\"90\"><\/p>\n","protected":false},"excerpt":{"rendered":"<p>Bois \u00e9corc\u00e9 et s\u00e9ch\u00e9 en chambre avec d&rsquo;excellentes propri\u00e9t\u00e9s de  [&#8230;]<\/p>\n","protected":false},"featured_media":2076,"comment_status":"open","ping_status":"closed","template":"","meta":[],"product_brand":[],"product_cat":[115,138],"product_tag":[],"class_list":{"0":"post-2494","1":"product","2":"type-product","3":"status-publish","4":"has-post-thumbnail","6":"product_cat-accessoires-de-fete","7":"product_cat-feu-suedois","9":"first","10":"instock","11":"shipping-taxable","12":"product-type-simple"},"_links":{"self":[{"href":"https:\/\/www.alschu.de\/fr\/wp-json\/wp\/v2\/product\/2494","targetHints":{"allow":["GET"]}}],"collection":[{"href":"https:\/\/www.alschu.de\/fr\/wp-json\/wp\/v2\/product"}],"about":[{"href":"https:\/\/www.alschu.de\/fr\/wp-json\/wp\/v2\/types\/product"}],"replies":[{"embeddable":true,"href":"https:\/\/www.alschu.de\/fr\/wp-json\/wp\/v2\/comments?post=2494"}],"wp:featuredmedia":[{"embeddable":true,"href":"https:\/\/www.alschu.de\/fr\/wp-json\/wp\/v2\/media\/2076"}],"wp:attachment":[{"href":"https:\/\/www.alschu.de\/fr\/wp-json\/wp\/v2\/media?parent=2494"}],"wp:term":[{"taxonomy":"product_brand","embeddable":true,"href":"https:\/\/www.alschu.de\/fr\/wp-json\/wp\/v2\/product_brand?post=2494"},{"taxonomy":"product_cat","embeddable":true,"href":"https:\/\/www.alschu.de\/fr\/wp-json\/wp\/v2\/product_cat?post=2494"},{"taxonomy":"product_tag","embeddable":true,"href":"https:\/\/www.alschu.de\/fr\/wp-json\/wp\/v2\/product_tag?post=2494"}],"curies":[{"name":"wp","href":"https:\/\/api.w.org\/{rel}","templated":true}]}}