{"id":2496,"date":"2024-11-14T07:47:58","date_gmt":"2024-11-14T07:47:58","guid":{"rendered":"https:\/\/www.alschu.de\/produkt\/favorit-feu-suedois-oe-11-cm-hauteur-10-cm-lot-de-4"},"modified":"2025-05-04T10:18:39","modified_gmt":"2025-05-04T10:18:39","slug":"favorit-feu-suedois-oe-11-cm-hauteur-10-cm-lot-de-4","status":"publish","type":"product","link":"https:\/\/www.alschu.de\/fr\/produkt\/favorit-feu-suedois-oe-11-cm-hauteur-10-cm-lot-de-4\/","title":{"rendered":"FAVORIT Feu su\u00e9dois <br>\u00f8 11 cm, hauteur 10 cm, <br>4 pi\u00e8ces"},"content":{"rendered":"<p><strong>Bois \u00e9corc\u00e9 et s\u00e9ch\u00e9 en chambre avec d&rsquo;excellentes propri\u00e9t\u00e9s de combustion et une poign\u00e9e de transport pratique. Comprend un allume-feu en laine de bois.  <\/strong><\/p>\n<ul>\n<li>Dur\u00e9e de combustion : environ 0,5 heure<\/li>\n<li>Diam\u00e8tre : 11 cm<\/li>\n<li>Dimensions : 11 x 10 cm<\/li>\n<li>Unit\u00e9 d&#8217;emballage\/Palette : 200<\/li>\n<\/ul>\n<p><img decoding=\"async\" class=\"alignnone wp-image-611\" src=\"https:\/\/www.alschu.de\/wp-content\/uploads\/2024\/07\/icon_fsc.png\" alt=\"Ic\u00f4ne FSC\" width=\"59\" height=\"90\"><\/p>\n","protected":false},"excerpt":{"rendered":"<p>Bois \u00e9corc\u00e9 et s\u00e9ch\u00e9 en chambre avec d&rsquo;excellentes propri\u00e9t\u00e9s de  [&#8230;]<\/p>\n","protected":false},"featured_media":2080,"comment_status":"open","ping_status":"closed","template":"","meta":[],"product_brand":[],"product_cat":[115,138],"product_tag":[],"class_list":{"0":"post-2496","1":"product","2":"type-product","3":"status-publish","4":"has-post-thumbnail","6":"product_cat-accessoires-de-fete","7":"product_cat-feu-suedois","9":"first","10":"instock","11":"shipping-taxable","12":"product-type-simple"},"_links":{"self":[{"href":"https:\/\/www.alschu.de\/fr\/wp-json\/wp\/v2\/product\/2496","targetHints":{"allow":["GET"]}}],"collection":[{"href":"https:\/\/www.alschu.de\/fr\/wp-json\/wp\/v2\/product"}],"about":[{"href":"https:\/\/www.alschu.de\/fr\/wp-json\/wp\/v2\/types\/product"}],"replies":[{"embeddable":true,"href":"https:\/\/www.alschu.de\/fr\/wp-json\/wp\/v2\/comments?post=2496"}],"wp:featuredmedia":[{"embeddable":true,"href":"https:\/\/www.alschu.de\/fr\/wp-json\/wp\/v2\/media\/2080"}],"wp:attachment":[{"href":"https:\/\/www.alschu.de\/fr\/wp-json\/wp\/v2\/media?parent=2496"}],"wp:term":[{"taxonomy":"product_brand","embeddable":true,"href":"https:\/\/www.alschu.de\/fr\/wp-json\/wp\/v2\/product_brand?post=2496"},{"taxonomy":"product_cat","embeddable":true,"href":"https:\/\/www.alschu.de\/fr\/wp-json\/wp\/v2\/product_cat?post=2496"},{"taxonomy":"product_tag","embeddable":true,"href":"https:\/\/www.alschu.de\/fr\/wp-json\/wp\/v2\/product_tag?post=2496"}],"curies":[{"name":"wp","href":"https:\/\/api.w.org\/{rel}","templated":true}]}}