{"id":2504,"date":"2024-11-14T07:49:29","date_gmt":"2024-11-14T07:49:29","guid":{"rendered":"https:\/\/www.alschu.de\/produkt\/ensemble-de-pate-combustible-de-securite-favorit"},"modified":"2025-05-04T10:31:56","modified_gmt":"2025-05-04T10:31:56","slug":"favorit-ensemble-de-pate-combustible-de-securite","status":"publish","type":"product","link":"https:\/\/www.alschu.de\/fr\/produkt\/favorit-ensemble-de-pate-combustible-de-securite\/","title":{"rendered":"FAVORIT Ensemble de p\u00e2te combustible de s\u00e9curit\u00e9"},"content":{"rendered":"<p><strong>P\u00e2te combustible de s\u00e9curit\u00e9 Favorit \u00e0 base d&rsquo;\u00e9thanol bio pur. Ensemble compos\u00e9 d&rsquo;un br\u00fbleur \u00e0 p\u00e2te et d&rsquo;un pot de 80 g de p\u00e2te combustible. <\/strong><\/p>\n<ul>\n<li>Contenu : 1 br\u00fbleur \u00e0 p\u00e2te et 1 pot de 80 g de p\u00e2te combustible<\/li>\n<li>UE : 12<\/li>\n<li>UE\/Palette : 95<\/li>\n<\/ul>\n","protected":false},"excerpt":{"rendered":"<p>P\u00e2te combustible de s\u00e9curit\u00e9 Favorit \u00e0 base d&rsquo;\u00e9thanol bio pur.  [&#8230;]<\/p>\n","protected":false},"featured_media":2086,"comment_status":"open","ping_status":"closed","template":"","meta":[],"product_brand":[],"product_cat":[140,133],"product_tag":[],"class_list":{"0":"post-2504","1":"product","2":"type-product","3":"status-publish","4":"has-post-thumbnail","6":"product_cat-pate-combustible","7":"product_cat-pate-combustible-et-alcool-a-bruler","9":"first","10":"instock","11":"shipping-taxable","12":"product-type-simple"},"_links":{"self":[{"href":"https:\/\/www.alschu.de\/fr\/wp-json\/wp\/v2\/product\/2504","targetHints":{"allow":["GET"]}}],"collection":[{"href":"https:\/\/www.alschu.de\/fr\/wp-json\/wp\/v2\/product"}],"about":[{"href":"https:\/\/www.alschu.de\/fr\/wp-json\/wp\/v2\/types\/product"}],"replies":[{"embeddable":true,"href":"https:\/\/www.alschu.de\/fr\/wp-json\/wp\/v2\/comments?post=2504"}],"wp:featuredmedia":[{"embeddable":true,"href":"https:\/\/www.alschu.de\/fr\/wp-json\/wp\/v2\/media\/2086"}],"wp:attachment":[{"href":"https:\/\/www.alschu.de\/fr\/wp-json\/wp\/v2\/media?parent=2504"}],"wp:term":[{"taxonomy":"product_brand","embeddable":true,"href":"https:\/\/www.alschu.de\/fr\/wp-json\/wp\/v2\/product_brand?post=2504"},{"taxonomy":"product_cat","embeddable":true,"href":"https:\/\/www.alschu.de\/fr\/wp-json\/wp\/v2\/product_cat?post=2504"},{"taxonomy":"product_tag","embeddable":true,"href":"https:\/\/www.alschu.de\/fr\/wp-json\/wp\/v2\/product_tag?post=2504"}],"curies":[{"name":"wp","href":"https:\/\/api.w.org\/{rel}","templated":true}]}}