{"id":2508,"date":"2024-11-14T07:51:53","date_gmt":"2024-11-14T07:51:53","guid":{"rendered":"https:\/\/www.alschu.de\/produkt\/favorit-poeles-a-griller-rondes-lot-de-3"},"modified":"2025-05-04T10:52:25","modified_gmt":"2025-05-04T10:52:25","slug":"favorit-poeles-a-griller-rondes-lot-de-3","status":"publish","type":"product","link":"https:\/\/www.alschu.de\/fr\/produkt\/favorit-poeles-a-griller-rondes-lot-de-3\/","title":{"rendered":"FAVORIT Po\u00eales \u00e0 griller rondes , lot de 3"},"content":{"rendered":"<p><strong>Convient pour tous les barbecues \u00e0 charbon, gaz et \u00e9lectriques. Diam\u00e8tre : 34 cm. <\/strong><\/p>\n<ul>\n<li>3 pi\u00e8ces\/paquet<\/li>\n<li>UE : 18<\/li>\n<li>UE\/Palette : 36<\/li>\n<\/ul>\n","protected":false},"excerpt":{"rendered":"<p>Convient pour tous les barbecues \u00e0 charbon, gaz et \u00e9lectriques.  [&#8230;]<\/p>\n","protected":false},"featured_media":2094,"comment_status":"open","ping_status":"closed","template":"","meta":[],"product_brand":[],"product_cat":[99],"product_tag":[],"class_list":{"0":"post-2508","1":"product","2":"type-product","3":"status-publish","4":"has-post-thumbnail","6":"product_cat-accessoires-de-barbecue","8":"first","9":"instock","10":"shipping-taxable","11":"product-type-simple"},"_links":{"self":[{"href":"https:\/\/www.alschu.de\/fr\/wp-json\/wp\/v2\/product\/2508","targetHints":{"allow":["GET"]}}],"collection":[{"href":"https:\/\/www.alschu.de\/fr\/wp-json\/wp\/v2\/product"}],"about":[{"href":"https:\/\/www.alschu.de\/fr\/wp-json\/wp\/v2\/types\/product"}],"replies":[{"embeddable":true,"href":"https:\/\/www.alschu.de\/fr\/wp-json\/wp\/v2\/comments?post=2508"}],"wp:featuredmedia":[{"embeddable":true,"href":"https:\/\/www.alschu.de\/fr\/wp-json\/wp\/v2\/media\/2094"}],"wp:attachment":[{"href":"https:\/\/www.alschu.de\/fr\/wp-json\/wp\/v2\/media?parent=2508"}],"wp:term":[{"taxonomy":"product_brand","embeddable":true,"href":"https:\/\/www.alschu.de\/fr\/wp-json\/wp\/v2\/product_brand?post=2508"},{"taxonomy":"product_cat","embeddable":true,"href":"https:\/\/www.alschu.de\/fr\/wp-json\/wp\/v2\/product_cat?post=2508"},{"taxonomy":"product_tag","embeddable":true,"href":"https:\/\/www.alschu.de\/fr\/wp-json\/wp\/v2\/product_tag?post=2508"}],"curies":[{"name":"wp","href":"https:\/\/api.w.org\/{rel}","templated":true}]}}