{"id":2511,"date":"2024-11-14T07:53:03","date_gmt":"2024-11-14T07:53:03","guid":{"rendered":"https:\/\/www.alschu.de\/produkt\/allume-feu-favorit-pour-barbecue-et-cheminee-32-pieces"},"modified":"2025-05-04T10:46:01","modified_gmt":"2025-05-04T10:46:01","slug":"favorit-allume-feu-pour-barbecue-et-cheminee-32-pieces","status":"publish","type":"product","link":"https:\/\/www.alschu.de\/fr\/produkt\/favorit-allume-feu-pour-barbecue-et-cheminee-32-pieces\/","title":{"rendered":"FAVORIT Allume-feu pour barbecue et chemin\u00e9e,<br>32 pi\u00e8ces"},"content":{"rendered":"<p><strong>Cubes allume-feu blancs \u00e0 forte puissance d&rsquo;allumage et longue dur\u00e9e de combustion. Application ais\u00e9e. Pour barbecue, chemin\u00e9e et po\u00eale.<\/strong><\/p>\n<ul>\n<li>Unit\u00e9 de vente : 24<\/li>\n<li>Unit\u00e9s d&#8217;emballage par palette : 75<\/li>\n<\/ul>\n","protected":false},"excerpt":{"rendered":"<p>Cubes allume-feu blancs \u00e0 forte puissance d&rsquo;allumage et longue dur\u00e9e  [&#8230;]<\/p>\n","protected":false},"featured_media":2098,"comment_status":"open","ping_status":"closed","template":"","meta":[],"product_brand":[],"product_cat":[95,101],"product_tag":[],"class_list":{"0":"post-2511","1":"product","2":"type-product","3":"status-publish","4":"has-post-thumbnail","6":"product_cat-allume-feu","7":"product_cat-allume-feu-blancs","9":"first","10":"instock","11":"shipping-taxable","12":"product-type-simple"},"_links":{"self":[{"href":"https:\/\/www.alschu.de\/fr\/wp-json\/wp\/v2\/product\/2511","targetHints":{"allow":["GET"]}}],"collection":[{"href":"https:\/\/www.alschu.de\/fr\/wp-json\/wp\/v2\/product"}],"about":[{"href":"https:\/\/www.alschu.de\/fr\/wp-json\/wp\/v2\/types\/product"}],"replies":[{"embeddable":true,"href":"https:\/\/www.alschu.de\/fr\/wp-json\/wp\/v2\/comments?post=2511"}],"wp:featuredmedia":[{"embeddable":true,"href":"https:\/\/www.alschu.de\/fr\/wp-json\/wp\/v2\/media\/2098"}],"wp:attachment":[{"href":"https:\/\/www.alschu.de\/fr\/wp-json\/wp\/v2\/media?parent=2511"}],"wp:term":[{"taxonomy":"product_brand","embeddable":true,"href":"https:\/\/www.alschu.de\/fr\/wp-json\/wp\/v2\/product_brand?post=2511"},{"taxonomy":"product_cat","embeddable":true,"href":"https:\/\/www.alschu.de\/fr\/wp-json\/wp\/v2\/product_cat?post=2511"},{"taxonomy":"product_tag","embeddable":true,"href":"https:\/\/www.alschu.de\/fr\/wp-json\/wp\/v2\/product_tag?post=2511"}],"curies":[{"name":"wp","href":"https:\/\/api.w.org\/{rel}","templated":true}]}}