{"id":2512,"date":"2024-11-14T07:51:31","date_gmt":"2024-11-14T07:51:31","guid":{"rendered":"https:\/\/www.alschu.de\/produkt\/poeles-a-griller-favorit-semi-circulaires-lot-de-5-pieces"},"modified":"2025-05-04T10:52:12","modified_gmt":"2025-05-04T10:52:12","slug":"favorit-poeles-a-griller-semi-circulaires-lot-de-5","status":"publish","type":"product","link":"https:\/\/www.alschu.de\/fr\/produkt\/favorit-poeles-a-griller-semi-circulaires-lot-de-5\/","title":{"rendered":"FAVORIT Po\u00eales \u00e0 griller semi-circulaires, lot de 5"},"content":{"rendered":"<p><strong>Convient \u00e0 tous les barbecues au charbon, au gaz et \u00e9lectriques. Dimensions : 33 cm x 19 cm. <\/strong><\/p>\n<ul>\n<li>5 pi\u00e8ces par paquet<\/li>\n<li>Unit\u00e9 de vente : 24<\/li>\n<li>UE\/Palette : 36<\/li>\n<\/ul>\n","protected":false},"excerpt":{"rendered":"<p>Convient \u00e0 tous les barbecues au charbon, au gaz et  [&#8230;]<\/p>\n","protected":false},"featured_media":2092,"comment_status":"open","ping_status":"closed","template":"","meta":[],"product_brand":[],"product_cat":[99],"product_tag":[],"class_list":{"0":"post-2512","1":"product","2":"type-product","3":"status-publish","4":"has-post-thumbnail","6":"product_cat-accessoires-de-barbecue","8":"first","9":"instock","10":"shipping-taxable","11":"product-type-simple"},"_links":{"self":[{"href":"https:\/\/www.alschu.de\/fr\/wp-json\/wp\/v2\/product\/2512","targetHints":{"allow":["GET"]}}],"collection":[{"href":"https:\/\/www.alschu.de\/fr\/wp-json\/wp\/v2\/product"}],"about":[{"href":"https:\/\/www.alschu.de\/fr\/wp-json\/wp\/v2\/types\/product"}],"replies":[{"embeddable":true,"href":"https:\/\/www.alschu.de\/fr\/wp-json\/wp\/v2\/comments?post=2512"}],"wp:featuredmedia":[{"embeddable":true,"href":"https:\/\/www.alschu.de\/fr\/wp-json\/wp\/v2\/media\/2092"}],"wp:attachment":[{"href":"https:\/\/www.alschu.de\/fr\/wp-json\/wp\/v2\/media?parent=2512"}],"wp:term":[{"taxonomy":"product_brand","embeddable":true,"href":"https:\/\/www.alschu.de\/fr\/wp-json\/wp\/v2\/product_brand?post=2512"},{"taxonomy":"product_cat","embeddable":true,"href":"https:\/\/www.alschu.de\/fr\/wp-json\/wp\/v2\/product_cat?post=2512"},{"taxonomy":"product_tag","embeddable":true,"href":"https:\/\/www.alschu.de\/fr\/wp-json\/wp\/v2\/product_tag?post=2512"}],"curies":[{"name":"wp","href":"https:\/\/api.w.org\/{rel}","templated":true}]}}