{"id":2514,"date":"2024-11-14T07:53:35","date_gmt":"2024-11-14T07:53:35","guid":{"rendered":"https:\/\/www.alschu.de\/produkt\/allume-feu-pour-barbecue-et-cheminee-favorit-inodore-32-pieces"},"modified":"2025-05-04T10:07:49","modified_gmt":"2025-05-04T10:07:49","slug":"allume-feu-pour-barbecue-et-cheminee-favorit-inodore-32-pieces","status":"publish","type":"product","link":"https:\/\/www.alschu.de\/fr\/produkt\/allume-feu-pour-barbecue-et-cheminee-favorit-inodore-32-pieces\/","title":{"rendered":"FAVORIT Allume-feu inodore pour barbecue et chemin\u00e9e, 32 pi\u00e8ces"},"content":{"rendered":"<p><strong>Cubes d&rsquo;allumage blancs \u00e0 forte capacit\u00e9 d&#8217;embrasement avec longue dur\u00e9e de combustion, fabriqu\u00e9s en paraffine inodore. <\/strong><strong>Application simple. Pour barbecue, chemin\u00e9e et four. <\/strong><\/p>\n<ul>\n<li>UE : 40<\/li>\n<li>UE\/Palette : 72<\/li>\n<\/ul>\n","protected":false},"excerpt":{"rendered":"<p>Cubes d&rsquo;allumage blancs \u00e0 forte capacit\u00e9 d&#8217;embrasement avec longue dur\u00e9e  [&#8230;]<\/p>\n","protected":false},"featured_media":2100,"comment_status":"open","ping_status":"closed","template":"","meta":[],"product_brand":[],"product_cat":[95,101],"product_tag":[],"class_list":{"0":"post-2514","1":"product","2":"type-product","3":"status-publish","4":"has-post-thumbnail","6":"product_cat-allume-feu","7":"product_cat-allume-feu-blancs","9":"first","10":"instock","11":"shipping-taxable","12":"product-type-simple"},"_links":{"self":[{"href":"https:\/\/www.alschu.de\/fr\/wp-json\/wp\/v2\/product\/2514","targetHints":{"allow":["GET"]}}],"collection":[{"href":"https:\/\/www.alschu.de\/fr\/wp-json\/wp\/v2\/product"}],"about":[{"href":"https:\/\/www.alschu.de\/fr\/wp-json\/wp\/v2\/types\/product"}],"replies":[{"embeddable":true,"href":"https:\/\/www.alschu.de\/fr\/wp-json\/wp\/v2\/comments?post=2514"}],"wp:featuredmedia":[{"embeddable":true,"href":"https:\/\/www.alschu.de\/fr\/wp-json\/wp\/v2\/media\/2100"}],"wp:attachment":[{"href":"https:\/\/www.alschu.de\/fr\/wp-json\/wp\/v2\/media?parent=2514"}],"wp:term":[{"taxonomy":"product_brand","embeddable":true,"href":"https:\/\/www.alschu.de\/fr\/wp-json\/wp\/v2\/product_brand?post=2514"},{"taxonomy":"product_cat","embeddable":true,"href":"https:\/\/www.alschu.de\/fr\/wp-json\/wp\/v2\/product_cat?post=2514"},{"taxonomy":"product_tag","embeddable":true,"href":"https:\/\/www.alschu.de\/fr\/wp-json\/wp\/v2\/product_tag?post=2514"}],"curies":[{"name":"wp","href":"https:\/\/api.w.org\/{rel}","templated":true}]}}