{"id":2516,"date":"2024-11-14T07:52:34","date_gmt":"2024-11-14T07:52:34","guid":{"rendered":"https:\/\/www.alschu.de\/produkt\/favorit-allume-feu-pour-barbecue-et-cheminee-avec-tete-dallumage-12-pieces"},"modified":"2025-05-04T10:44:10","modified_gmt":"2025-05-04T10:44:10","slug":"favorit-allume-feu-pour-barbecue-et-cheminee-avec-tete-dallumage-12-pieces","status":"publish","type":"product","link":"https:\/\/www.alschu.de\/fr\/produkt\/favorit-allume-feu-pour-barbecue-et-cheminee-avec-tete-dallumage-12-pieces\/","title":{"rendered":"FAVORIT Allume-feu pour barbecue et chemin\u00e9e avec t\u00eate d&rsquo;allumage,<br>12 pi\u00e8ces"},"content":{"rendered":"<p><strong>Allume-feu \u00e9cologiques avec t\u00eate d&rsquo;allumage pour barbecue et chemin\u00e9e. Fabriqu\u00e9s \u00e0 partir de fibres de bois pur, impr\u00e9gn\u00e9s de cire. <\/strong><\/p>\n<ul>\n<li>12 pi\u00e8ces\/paquet<\/li>\n<li>Unit\u00e9 de vente : 24<\/li>\n<li>UE\/Palette : 160<\/li>\n<\/ul>\n<p><img decoding=\"async\" class=\"alignnone wp-image-611\" src=\"https:\/\/www.alschu.de\/wp-content\/uploads\/2024\/07\/icon_fsc.png\" alt=\"Ic\u00f4ne FSC\" width=\"59\" height=\"90\" \/><\/p>\n","protected":false},"excerpt":{"rendered":"<p>Allume-feu \u00e9cologiques avec t\u00eate d&rsquo;allumage pour barbecue et chemin\u00e9e. Fabriqu\u00e9s  [&#8230;]<\/p>\n","protected":false},"featured_media":2096,"comment_status":"open","ping_status":"closed","template":"","meta":[],"product_brand":[],"product_cat":[95,96],"product_tag":[],"class_list":{"0":"post-2516","1":"product","2":"type-product","3":"status-publish","4":"has-post-thumbnail","6":"product_cat-allume-feu","7":"product_cat-allume-feu-en-bois-et-cire","9":"first","10":"instock","11":"shipping-taxable","12":"product-type-simple"},"_links":{"self":[{"href":"https:\/\/www.alschu.de\/fr\/wp-json\/wp\/v2\/product\/2516","targetHints":{"allow":["GET"]}}],"collection":[{"href":"https:\/\/www.alschu.de\/fr\/wp-json\/wp\/v2\/product"}],"about":[{"href":"https:\/\/www.alschu.de\/fr\/wp-json\/wp\/v2\/types\/product"}],"replies":[{"embeddable":true,"href":"https:\/\/www.alschu.de\/fr\/wp-json\/wp\/v2\/comments?post=2516"}],"wp:featuredmedia":[{"embeddable":true,"href":"https:\/\/www.alschu.de\/fr\/wp-json\/wp\/v2\/media\/2096"}],"wp:attachment":[{"href":"https:\/\/www.alschu.de\/fr\/wp-json\/wp\/v2\/media?parent=2516"}],"wp:term":[{"taxonomy":"product_brand","embeddable":true,"href":"https:\/\/www.alschu.de\/fr\/wp-json\/wp\/v2\/product_brand?post=2516"},{"taxonomy":"product_cat","embeddable":true,"href":"https:\/\/www.alschu.de\/fr\/wp-json\/wp\/v2\/product_cat?post=2516"},{"taxonomy":"product_tag","embeddable":true,"href":"https:\/\/www.alschu.de\/fr\/wp-json\/wp\/v2\/product_tag?post=2516"}],"curies":[{"name":"wp","href":"https:\/\/api.w.org\/{rel}","templated":true}]}}