{"id":2534,"date":"2024-11-13T07:58:07","date_gmt":"2024-11-13T07:58:07","guid":{"rendered":"https:\/\/www.alschu.de\/produkt\/torche-en-bambou-favorit-luxe-150-cm"},"modified":"2025-05-04T10:15:29","modified_gmt":"2025-05-04T10:15:29","slug":"torche-en-bambou-favorit-luxe-150-cm","status":"publish","type":"product","link":"https:\/\/www.alschu.de\/fr\/produkt\/torche-en-bambou-favorit-luxe-150-cm\/","title":{"rendered":"FAVORIT Torche en bambou \u00ab Luxe \u00bb, 150 cm"},"content":{"rendered":"<p><strong>La version \u00ab luxe \u00bb parmi les torches de jardin. Torche en bambou, brun-rouge, environ 150 cm. Avec un r\u00e9servoir de 500 ml \u00e0 remplir d&rsquo;huile pour lampe.   Fermeture s\u00e9curis\u00e9e pour enfants conforme \u00e0 la norme EN 14059.<\/strong><\/p>\n<ul>\n<li>150 cm<\/li>\n<li>Unit\u00e9 de vente : 24<\/li>\n<li>Unit\u00e9s\/Palette : 8<\/li>\n<\/ul>\n","protected":false},"excerpt":{"rendered":"<p>La version \u00ab luxe \u00bb parmi les torches de jardin.  [&#8230;]<\/p>\n","protected":false},"featured_media":2132,"comment_status":"open","ping_status":"closed","template":"","meta":[],"product_brand":[],"product_cat":[115,116],"product_tag":[],"class_list":{"0":"post-2534","1":"product","2":"type-product","3":"status-publish","4":"has-post-thumbnail","6":"product_cat-accessoires-de-fete","7":"product_cat-torches-en-bambou","9":"first","10":"instock","11":"shipping-taxable","12":"product-type-simple"},"_links":{"self":[{"href":"https:\/\/www.alschu.de\/fr\/wp-json\/wp\/v2\/product\/2534","targetHints":{"allow":["GET"]}}],"collection":[{"href":"https:\/\/www.alschu.de\/fr\/wp-json\/wp\/v2\/product"}],"about":[{"href":"https:\/\/www.alschu.de\/fr\/wp-json\/wp\/v2\/types\/product"}],"replies":[{"embeddable":true,"href":"https:\/\/www.alschu.de\/fr\/wp-json\/wp\/v2\/comments?post=2534"}],"wp:featuredmedia":[{"embeddable":true,"href":"https:\/\/www.alschu.de\/fr\/wp-json\/wp\/v2\/media\/2132"}],"wp:attachment":[{"href":"https:\/\/www.alschu.de\/fr\/wp-json\/wp\/v2\/media?parent=2534"}],"wp:term":[{"taxonomy":"product_brand","embeddable":true,"href":"https:\/\/www.alschu.de\/fr\/wp-json\/wp\/v2\/product_brand?post=2534"},{"taxonomy":"product_cat","embeddable":true,"href":"https:\/\/www.alschu.de\/fr\/wp-json\/wp\/v2\/product_cat?post=2534"},{"taxonomy":"product_tag","embeddable":true,"href":"https:\/\/www.alschu.de\/fr\/wp-json\/wp\/v2\/product_tag?post=2534"}],"curies":[{"name":"wp","href":"https:\/\/api.w.org\/{rel}","templated":true}]}}