{"id":2547,"date":"2024-11-14T07:55:50","date_gmt":"2024-11-14T07:55:50","guid":{"rendered":"https:\/\/www.alschu.de\/produkt\/bougie-de-fete-favorit-en-pot-de-terre-cuite-lot-de-3"},"modified":"2025-05-04T11:00:05","modified_gmt":"2025-05-04T11:00:05","slug":"favorit-bougie-de-fete-dans-un-pot-en-terre-cuite-lot-de-3","status":"publish","type":"product","link":"https:\/\/www.alschu.de\/fr\/produkt\/favorit-bougie-de-fete-dans-un-pot-en-terre-cuite-lot-de-3\/","title":{"rendered":"FAVORIT Bougie de f\u00eate <br>dans un pot en terre cuite, lot de 3"},"content":{"rendered":"<p><strong>Bougies de f\u00eate parfum\u00e9es \u00e0 la citronnelle en pot de terre cuite pour le jardin et le camping. Dur\u00e9e de combustion d&rsquo;environ 10 heures. <\/strong><\/p>\n<ul>\n<li>3 pi\u00e8ces\/paquet<\/li>\n<li>Diam\u00e8tre : 10 cm<\/li>\n<li>Parfum : Citronnelle<\/li>\n<li>UE : 12<\/li>\n<li>Unit\u00e9s par palette : 32<\/li>\n<\/ul>\n","protected":false},"excerpt":{"rendered":"<p>Bougies de f\u00eate parfum\u00e9es \u00e0 la citronnelle en pot de  [&#8230;]<\/p>\n","protected":false},"featured_media":2112,"comment_status":"open","ping_status":"closed","template":"","meta":[],"product_brand":[],"product_cat":[115,142],"product_tag":[],"class_list":{"0":"post-2547","1":"product","2":"type-product","3":"status-publish","4":"has-post-thumbnail","6":"product_cat-accessoires-de-fete","7":"product_cat-bougies","9":"first","10":"instock","11":"shipping-taxable","12":"product-type-simple"},"_links":{"self":[{"href":"https:\/\/www.alschu.de\/fr\/wp-json\/wp\/v2\/product\/2547","targetHints":{"allow":["GET"]}}],"collection":[{"href":"https:\/\/www.alschu.de\/fr\/wp-json\/wp\/v2\/product"}],"about":[{"href":"https:\/\/www.alschu.de\/fr\/wp-json\/wp\/v2\/types\/product"}],"replies":[{"embeddable":true,"href":"https:\/\/www.alschu.de\/fr\/wp-json\/wp\/v2\/comments?post=2547"}],"wp:featuredmedia":[{"embeddable":true,"href":"https:\/\/www.alschu.de\/fr\/wp-json\/wp\/v2\/media\/2112"}],"wp:attachment":[{"href":"https:\/\/www.alschu.de\/fr\/wp-json\/wp\/v2\/media?parent=2547"}],"wp:term":[{"taxonomy":"product_brand","embeddable":true,"href":"https:\/\/www.alschu.de\/fr\/wp-json\/wp\/v2\/product_brand?post=2547"},{"taxonomy":"product_cat","embeddable":true,"href":"https:\/\/www.alschu.de\/fr\/wp-json\/wp\/v2\/product_cat?post=2547"},{"taxonomy":"product_tag","embeddable":true,"href":"https:\/\/www.alschu.de\/fr\/wp-json\/wp\/v2\/product_tag?post=2547"}],"curies":[{"name":"wp","href":"https:\/\/api.w.org\/{rel}","templated":true}]}}