{"id":2591,"date":"2024-11-14T07:50:37","date_gmt":"2024-11-14T07:50:37","guid":{"rendered":"https:\/\/www.alschu.de\/produkt\/favorit-pate-a-bruler-de-securite-3-x-80g"},"modified":"2025-05-04T10:33:32","modified_gmt":"2025-05-04T10:33:32","slug":"favorit-pate-combustible-de-securite-3-x-80-g","status":"publish","type":"product","link":"https:\/\/www.alschu.de\/fr\/produkt\/favorit-pate-combustible-de-securite-3-x-80-g\/","title":{"rendered":"FAVORIT P\u00e2te combustible de s\u00e9curit\u00e9 3 x 80 g"},"content":{"rendered":"<p><strong>P\u00e2te \u00e0 br\u00fbler de s\u00e9curit\u00e9 FAVORIT compos\u00e9e de bio\u00e9thanol pur. Compatible avec les br\u00fbleurs \u00e0 p\u00e2te FAVORIT. <\/strong><\/p>\n<ul>\n<li>3 x 80 g\/paquet<\/li>\n<li>UE : 12<\/li>\n<li>Unit\u00e9s\/Palette : 130<\/li>\n<\/ul>\n<p><img decoding=\"async\" class=\"alignnone size-full wp-image-610\" src=\"https:\/\/www.alschu.de\/wp-content\/uploads\/2024\/07\/icon_nachwachselnderohstoffe.png\" alt=\"Ic\u00f4ne de mati\u00e8res premi\u00e8res renouvelables\" width=\"90\" height=\"90\" srcset=\"https:\/\/www.alschu.de\/wp-content\/uploads\/2024\/07\/icon_nachwachselnderohstoffe-66x66.png 66w, https:\/\/www.alschu.de\/wp-content\/uploads\/2024\/07\/icon_nachwachselnderohstoffe.png 90w\" sizes=\"(max-width: 90px) 100vw, 90px\" \/><\/p>\n","protected":false},"excerpt":{"rendered":"<p>P\u00e2te \u00e0 br\u00fbler de s\u00e9curit\u00e9 FAVORIT compos\u00e9e de bio\u00e9thanol pur.  [&#8230;]<\/p>\n","protected":false},"featured_media":2090,"comment_status":"open","ping_status":"closed","template":"","meta":[],"product_brand":[],"product_cat":[140,133],"product_tag":[],"class_list":{"0":"post-2591","1":"product","2":"type-product","3":"status-publish","4":"has-post-thumbnail","6":"product_cat-pate-combustible","7":"product_cat-pate-combustible-et-alcool-a-bruler","9":"first","10":"instock","11":"shipping-taxable","12":"product-type-simple"},"_links":{"self":[{"href":"https:\/\/www.alschu.de\/fr\/wp-json\/wp\/v2\/product\/2591","targetHints":{"allow":["GET"]}}],"collection":[{"href":"https:\/\/www.alschu.de\/fr\/wp-json\/wp\/v2\/product"}],"about":[{"href":"https:\/\/www.alschu.de\/fr\/wp-json\/wp\/v2\/types\/product"}],"replies":[{"embeddable":true,"href":"https:\/\/www.alschu.de\/fr\/wp-json\/wp\/v2\/comments?post=2591"}],"wp:featuredmedia":[{"embeddable":true,"href":"https:\/\/www.alschu.de\/fr\/wp-json\/wp\/v2\/media\/2090"}],"wp:attachment":[{"href":"https:\/\/www.alschu.de\/fr\/wp-json\/wp\/v2\/media?parent=2591"}],"wp:term":[{"taxonomy":"product_brand","embeddable":true,"href":"https:\/\/www.alschu.de\/fr\/wp-json\/wp\/v2\/product_brand?post=2591"},{"taxonomy":"product_cat","embeddable":true,"href":"https:\/\/www.alschu.de\/fr\/wp-json\/wp\/v2\/product_cat?post=2591"},{"taxonomy":"product_tag","embeddable":true,"href":"https:\/\/www.alschu.de\/fr\/wp-json\/wp\/v2\/product_tag?post=2591"}],"curies":[{"name":"wp","href":"https:\/\/api.w.org\/{rel}","templated":true}]}}